{"id":8308,"date":"2024-09-09T17:03:06","date_gmt":"2024-09-09T09:03:06","guid":{"rendered":"https:\/\/blife.spacecraft.com.tw\/?page_id=8308"},"modified":"2024-10-29T19:07:56","modified_gmt":"2024-10-29T11:07:56","slug":"home-care-aids","status":"publish","type":"page","link":"https:\/\/blifemed.com\/vi\/all-products\/home-care-aids\/","title":{"rendered":"Thi\u1ebft b\u1ecb h\u1ed7 tr\u1ee3 t\u1ea1i nh\u00e0"},"content":{"rendered":"<div data-elementor-type=\"wp-page\" data-elementor-id=\"8308\" class=\"elementor elementor-8308\" data-elementor-post-type=\"page\">\n\t\t\t\t\t\t<section class=\"elementor-section elementor-top-section elementor-element elementor-element-5544541 elementor-section-boxed elementor-section-height-default elementor-section-height-default\" data-id=\"5544541\" data-element_type=\"section\" data-settings=\"{&quot;background_background&quot;:&quot;classic&quot;}\">\n\t\t\t\t\t\t\t<div class=\"elementor-background-overlay\"><\/div>\n\t\t\t\t\t\t\t<div class=\"elementor-container elementor-column-gap-no\">\n\t\t\t\t\t<div class=\"elementor-column elementor-col-100 elementor-top-column elementor-element elementor-element-c9bd6b3\" data-id=\"c9bd6b3\" data-element_type=\"column\">\n\t\t\t<div class=\"elementor-widget-wrap elementor-element-populated\">\n\t\t\t\t\t\t<div class=\"elementor-element elementor-element-6cb10be elementor-widget elementor-widget-heading\" data-id=\"6cb10be\" data-element_type=\"widget\" data-widget_type=\"heading.default\">\n\t\t\t\t<div class=\"elementor-widget-container\">\n\t\t\t<h2 class=\"elementor-heading-title elementor-size-default\">Thi\u1ebft b\u1ecb h\u1ed7 tr\u1ee3 t\u1ea1i nh\u00e0<\/h2>\t\t<\/div>\n\t\t\t\t<\/div>\n\t\t\t\t<div class=\"elementor-element elementor-element-a773899 elementor-widget elementor-widget-woocommerce-breadcrumb\" data-id=\"a773899\" data-element_type=\"widget\" data-widget_type=\"woocommerce-breadcrumb.default\">\n\t\t\t\t<div class=\"elementor-widget-container\">\n\t\t\t<nav class=\"woocommerce-breadcrumb\" aria-label=\"Breadcrumb\" data-no-translation=\"\" data-trp-gettext=\"\">Trang ch\u1ee7<\/nav>\t\t<\/div>\n\t\t\t\t<\/div>\n\t\t\t\t<div class=\"elementor-element elementor-element-86c7a9d elementor-widget-divider--view-line elementor-widget elementor-widget-divider\" data-id=\"86c7a9d\" data-element_type=\"widget\" data-widget_type=\"divider.default\">\n\t\t\t\t<div class=\"elementor-widget-container\">\n\t\t\t\t\t<div class=\"elementor-divider\">\n\t\t\t<span class=\"elementor-divider-separator\">\n\t\t\t\t\t\t<\/span>\n\t\t<\/div>\n\t\t\t\t<\/div>\n\t\t\t\t<\/div>\n\t\t\t\t<div class=\"elementor-element elementor-element-2219d94 elementor-widget elementor-widget-text-editor\" data-id=\"2219d94\" data-element_type=\"widget\" data-widget_type=\"text-editor.default\">\n\t\t\t\t<div class=\"elementor-widget-container\">\n\t\t\t\t\t\t\t<p>H\u1ed9p c\u1eaft v\u00e0 nghi\u1ec1n thu\u1ed1c\u2027D\u1ee5ng c\u1ee5 h\u1ed7 tr\u1ee3 chuy\u1ec3n thu\u1ed1c\u2027K\u1eb9p th\u00e1o thu\u1ed1c<\/p>\t\t\t\t\t\t<\/div>\n\t\t\t\t<\/div>\n\t\t\t\t<section class=\"elementor-section elementor-inner-section elementor-element elementor-element-ce0000d elementor-section-boxed elementor-section-height-default elementor-section-height-default\" data-id=\"ce0000d\" data-element_type=\"section\">\n\t\t\t\t\t\t<div class=\"elementor-container elementor-column-gap-wide\">\n\t\t\t\t\t<div class=\"elementor-column elementor-col-25 elementor-inner-column elementor-element elementor-element-072c43d\" data-id=\"072c43d\" data-element_type=\"column\">\n\t\t\t<div class=\"elementor-widget-wrap elementor-element-populated\">\n\t\t\t\t\t\t<div class=\"elementor-element elementor-element-9093c4b ekit-equal-height-disable elementor-widget elementor-widget-elementskit-icon-box\" data-id=\"9093c4b\" data-element_type=\"widget\" data-widget_type=\"elementskit-icon-box.default\">\n\t\t\t\t<div class=\"elementor-widget-container\">\n\t\t\t<div class=\"ekit-wid-con\" >        <!-- link opening -->\n                <a href=\"https:\/\/blifemed.com\/vi\/danh-muc-san-pham\/home-care-aids\/medication\/\" target=\"_blank\" class=\"ekit_global_links\">\n                <!-- end link opening -->\n\n        <div class=\"elementskit-infobox text-center text- icon-top-align elementor-animation-sink\">\n                            <div class=\"elementskit-box-header\">\n                <div class=\"elementskit-info-box-icon\">\n                    <img fetchpriority=\"high\" decoding=\"async\" width=\"1080\" height=\"1052\" src=\"https:\/\/blifemed.com\/wp-content\/uploads\/2024\/09\/pill-case.jpeg\" class=\"attachment- size-\" alt=\"\" srcset=\"https:\/\/blifemed.com\/wp-content\/uploads\/2024\/09\/pill-case.jpeg 1080w, https:\/\/blifemed.com\/wp-content\/uploads\/2024\/09\/pill-case-300x292.jpeg 300w, https:\/\/blifemed.com\/wp-content\/uploads\/2024\/09\/pill-case-1024x997.jpeg 1024w, https:\/\/blifemed.com\/wp-content\/uploads\/2024\/09\/pill-case-768x748.jpeg 768w, https:\/\/blifemed.com\/wp-content\/uploads\/2024\/09\/pill-case-12x12.jpeg 12w, https:\/\/blifemed.com\/wp-content\/uploads\/2024\/09\/pill-case-400x390.jpeg 400w\" sizes=\"(max-width: 1080px) 100vw, 1080px\" \/>                <\/div>\n          <\/div>\n                <div class=\"box-body\">\n                            <h3 class=\"elementskit-info-box-title\">\n                    Thu\u1ed1c                <\/h3>\n                                            <\/div>\n        \n        \n                <\/div>\n                <\/a>\n        <\/div>\t\t<\/div>\n\t\t\t\t<\/div>\n\t\t\t\t\t<\/div>\n\t\t<\/div>\n\t\t\t\t<div class=\"elementor-column elementor-col-25 elementor-inner-column elementor-element elementor-element-e2041ce\" data-id=\"e2041ce\" data-element_type=\"column\">\n\t\t\t<div class=\"elementor-widget-wrap elementor-element-populated\">\n\t\t\t\t\t\t<div class=\"elementor-element elementor-element-efca1b3 ekit-equal-height-disable elementor-widget elementor-widget-elementskit-icon-box\" data-id=\"efca1b3\" data-element_type=\"widget\" data-widget_type=\"elementskit-icon-box.default\">\n\t\t\t\t<div class=\"elementor-widget-container\">\n\t\t\t<div class=\"ekit-wid-con\" >        <!-- link opening -->\n                <a href=\"https:\/\/blifemed.com\/vi\/danh-muc-san-pham\/home-care-aids\/transfer\/\" target=\"_blank\" class=\"ekit_global_links\">\n                <!-- end link opening -->\n\n        <div class=\"elementskit-infobox text-center text- icon-top-align elementor-animation-sink\">\n                            <div class=\"elementskit-box-header\">\n                <div class=\"elementskit-info-box-icon\">\n                    <img decoding=\"async\" width=\"1000\" height=\"1000\" src=\"https:\/\/blifemed.com\/wp-content\/uploads\/2024\/09\/swivel-cushion-blue-31186876006565_1200x.png\" class=\"attachment- size-\" alt=\"\" srcset=\"https:\/\/blifemed.com\/wp-content\/uploads\/2024\/09\/swivel-cushion-blue-31186876006565_1200x.png 1000w, https:\/\/blifemed.com\/wp-content\/uploads\/2024\/09\/swivel-cushion-blue-31186876006565_1200x-300x300.png 300w, https:\/\/blifemed.com\/wp-content\/uploads\/2024\/09\/swivel-cushion-blue-31186876006565_1200x-150x150.png 150w, https:\/\/blifemed.com\/wp-content\/uploads\/2024\/09\/swivel-cushion-blue-31186876006565_1200x-768x768.png 768w, https:\/\/blifemed.com\/wp-content\/uploads\/2024\/09\/swivel-cushion-blue-31186876006565_1200x-12x12.png 12w, https:\/\/blifemed.com\/wp-content\/uploads\/2024\/09\/swivel-cushion-blue-31186876006565_1200x-400x400.png 400w, https:\/\/blifemed.com\/wp-content\/uploads\/2024\/09\/swivel-cushion-blue-31186876006565_1200x-100x100.png 100w\" sizes=\"(max-width: 1000px) 100vw, 1000px\" \/>                <\/div>\n          <\/div>\n                <div class=\"box-body\">\n                            <h3 class=\"elementskit-info-box-title\">\n                    S\u1ef1 thay \u0111\u1ed5i                <\/h3>\n                                            <\/div>\n        \n        \n                <\/div>\n                <\/a>\n        <\/div>\t\t<\/div>\n\t\t\t\t<\/div>\n\t\t\t\t\t<\/div>\n\t\t<\/div>\n\t\t\t\t<div class=\"elementor-column elementor-col-25 elementor-inner-column elementor-element elementor-element-ad01ab4\" data-id=\"ad01ab4\" data-element_type=\"column\">\n\t\t\t<div class=\"elementor-widget-wrap elementor-element-populated\">\n\t\t\t\t\t\t<div class=\"elementor-element elementor-element-f73ff96 ekit-equal-height-disable elementor-widget elementor-widget-elementskit-icon-box\" data-id=\"f73ff96\" data-element_type=\"widget\" data-widget_type=\"elementskit-icon-box.default\">\n\t\t\t\t<div class=\"elementor-widget-container\">\n\t\t\t<div class=\"ekit-wid-con\" >        <!-- link opening -->\n                <a href=\"https:\/\/blifemed.com\/vi\/danh-muc-san-pham\/home-care-aids\/pressure-relief-cushion\/\" target=\"_blank\" class=\"ekit_global_links\">\n                <!-- end link opening -->\n\n        <div class=\"elementskit-infobox text-center text- icon-top-align elementor-animation-sink\">\n                            <div class=\"elementskit-box-header\">\n                <div class=\"elementskit-info-box-icon\">\n                    <img decoding=\"async\" width=\"488\" height=\"488\" src=\"https:\/\/blifemed.com\/wp-content\/uploads\/2024\/09\/GUEST_8fa003cb-9f9d-4099-a751-6a9bf34f061b.jpg\" class=\"attachment- size-\" alt=\"\" srcset=\"https:\/\/blifemed.com\/wp-content\/uploads\/2024\/09\/GUEST_8fa003cb-9f9d-4099-a751-6a9bf34f061b.jpg 488w, https:\/\/blifemed.com\/wp-content\/uploads\/2024\/09\/GUEST_8fa003cb-9f9d-4099-a751-6a9bf34f061b-300x300.jpg 300w, https:\/\/blifemed.com\/wp-content\/uploads\/2024\/09\/GUEST_8fa003cb-9f9d-4099-a751-6a9bf34f061b-150x150.jpg 150w, https:\/\/blifemed.com\/wp-content\/uploads\/2024\/09\/GUEST_8fa003cb-9f9d-4099-a751-6a9bf34f061b-12x12.jpg 12w, https:\/\/blifemed.com\/wp-content\/uploads\/2024\/09\/GUEST_8fa003cb-9f9d-4099-a751-6a9bf34f061b-400x400.jpg 400w, https:\/\/blifemed.com\/wp-content\/uploads\/2024\/09\/GUEST_8fa003cb-9f9d-4099-a751-6a9bf34f061b-100x100.jpg 100w\" sizes=\"(max-width: 488px) 100vw, 488px\" \/>                <\/div>\n          <\/div>\n                <div class=\"box-body\">\n                            <h3 class=\"elementskit-info-box-title\">\n                    Gi\u1ea3m \u00e1p l\u1ef1c (th\u1ea3m)                <\/h3>\n                                            <\/div>\n        \n        \n                <\/div>\n                <\/a>\n        <\/div>\t\t<\/div>\n\t\t\t\t<\/div>\n\t\t\t\t\t<\/div>\n\t\t<\/div>\n\t\t\t\t<div class=\"elementor-column elementor-col-25 elementor-inner-column elementor-element elementor-element-514e001\" data-id=\"514e001\" data-element_type=\"column\">\n\t\t\t<div class=\"elementor-widget-wrap elementor-element-populated\">\n\t\t\t\t\t\t<div class=\"elementor-element elementor-element-1e19e97 ekit-equal-height-disable elementor-widget elementor-widget-elementskit-icon-box\" data-id=\"1e19e97\" data-element_type=\"widget\" data-widget_type=\"elementskit-icon-box.default\">\n\t\t\t\t<div class=\"elementor-widget-container\">\n\t\t\t<div class=\"ekit-wid-con\" >        <!-- link opening -->\n                <a href=\"https:\/\/blifemed.com\/vi\/danh-muc-san-pham\/home-care-aids\/other-home-care-aids\/\" target=\"_blank\" class=\"ekit_global_links\">\n                <!-- end link opening -->\n\n        <div class=\"elementskit-infobox text-center text- icon-top-align elementor-animation-sink\">\n                            <div class=\"elementskit-box-header\">\n                <div class=\"elementskit-info-box-icon\">\n                    <img loading=\"lazy\" decoding=\"async\" width=\"894\" height=\"906\" src=\"https:\/\/blifemed.com\/wp-content\/uploads\/2024\/09\/51AuxDOCZML._AC_UF8941000_QL80_.jpg\" class=\"attachment- size-\" alt=\"\" srcset=\"https:\/\/blifemed.com\/wp-content\/uploads\/2024\/09\/51AuxDOCZML._AC_UF8941000_QL80_.jpg 894w, https:\/\/blifemed.com\/wp-content\/uploads\/2024\/09\/51AuxDOCZML._AC_UF8941000_QL80_-296x300.jpg 296w, https:\/\/blifemed.com\/wp-content\/uploads\/2024\/09\/51AuxDOCZML._AC_UF8941000_QL80_-768x778.jpg 768w, https:\/\/blifemed.com\/wp-content\/uploads\/2024\/09\/51AuxDOCZML._AC_UF8941000_QL80_-12x12.jpg 12w, https:\/\/blifemed.com\/wp-content\/uploads\/2024\/09\/51AuxDOCZML._AC_UF8941000_QL80_-300x304.jpg 300w, https:\/\/blifemed.com\/wp-content\/uploads\/2024\/09\/51AuxDOCZML._AC_UF8941000_QL80_-400x405.jpg 400w, https:\/\/blifemed.com\/wp-content\/uploads\/2024\/09\/51AuxDOCZML._AC_UF8941000_QL80_-100x100.jpg 100w\" sizes=\"(max-width: 894px) 100vw, 894px\" \/>                <\/div>\n          <\/div>\n                <div class=\"box-body\">\n                            <h3 class=\"elementskit-info-box-title\">\n                    kh\u00e1c                <\/h3>\n                                            <\/div>\n        \n        \n                <\/div>\n                <\/a>\n        <\/div>\t\t<\/div>\n\t\t\t\t<\/div>\n\t\t\t\t\t<\/div>\n\t\t<\/div>\n\t\t\t\t\t<\/div>\n\t\t<\/section>\n\t\t\t\t\t<\/div>\n\t\t<\/div>\n\t\t\t\t\t<\/div>\n\t\t<\/section>\n\t\t\t\t<\/div>","protected":false},"excerpt":{"rendered":"<p>D\u1ee5ng c\u1ee5 h\u1ed7 tr\u1ee3 t\u1ea1i nh\u00e0: h\u1ed9p c\u1eaft v\u00e0 nghi\u1ec1n thu\u1ed1c, d\u1ee5ng c\u1ee5 h\u1ed7 tr\u1ee3 chuy\u1ec3n thu\u1ed1c, k\u1eb9p l\u1ea5y thu\u1ed1c, mi\u1ebfng \u0111\u1ec7m chuy\u1ec3n thu\u1ed1c v\u00e0 gi\u1ea3m \u00e1p, v\u00e0 c\u00e1c d\u1ee5ng c\u1ee5 kh\u00e1c<\/p>","protected":false},"author":20,"featured_media":0,"parent":8205,"menu_order":22,"comment_status":"closed","ping_status":"closed","template":"","meta":{"site-sidebar-layout":"no-sidebar","site-content-layout":"page-builder","ast-global-header-display":"","ast-banner-title-visibility":"","ast-main-header-display":"","ast-hfb-above-header-display":"","ast-hfb-below-header-display":"","ast-hfb-mobile-header-display":"","site-post-title":"disabled","ast-breadcrumbs-content":"","ast-featured-img":"disabled","footer-sml-layout":"","theme-transparent-header-meta":"","adv-header-id-meta":"","stick-header-meta":"","header-above-stick-meta":"","header-main-stick-meta":"","header-below-stick-meta":"","footnotes":""},"class_list":["post-8308","page","type-page","status-publish","hentry"],"yoast_head":"<!-- This site is optimized with the Yoast SEO Premium plugin v20.3 (Yoast SEO v20.3) - https:\/\/yoast.com\/wordpress\/plugins\/seo\/ -->\n<title>\u5c45\u5bb6\u8f14\u5177 | Blife<\/title>\n<meta name=\"robots\" content=\"index, follow, max-snippet:-1, max-image-preview:large, max-video-preview:-1\" \/>\n<link rel=\"canonical\" href=\"https:\/\/blifemed.com\/vi\/all-products\/home-care-aids\/\" \/>\n<meta property=\"og:locale\" content=\"vi_VN\" \/>\n<meta property=\"og:type\" content=\"article\" \/>\n<meta property=\"og:title\" content=\"\u5c45\u5bb6\u8f14\u5177 | Blife\" \/>\n<meta property=\"og:description\" content=\"\u5c45\u5bb6\u8f14\u5177 \u5207\u85e5\u78e8\u85e5\u76d2\u2027\u8f49\u79fb\u4f4d\u8f14\u5177\u2027\u53d6\u7269\u593e \u7528\u85e5 \u79fb\u4f4d \u6e1b\u58d3\uff08\u588a\uff09 \u5176\u4ed6\" \/>\n<meta property=\"og:url\" content=\"https:\/\/blifemed.com\/vi\/all-products\/home-care-aids\/\" \/>\n<meta property=\"og:site_name\" content=\"Blife\" \/>\n<meta property=\"article:modified_time\" content=\"2024-10-29T11:07:56+00:00\" \/>\n<meta property=\"og:image\" content=\"https:\/\/blifemed.com\/wp-content\/uploads\/2024\/09\/pill-case.jpeg\" \/>\n<meta name=\"twitter:card\" content=\"summary_large_image\" \/>\n<meta name=\"twitter:label1\" content=\"\u01af\u1edbc t\u00ednh th\u1eddi gian \u0111\u1ecdc\" \/>\n\t<meta name=\"twitter:data1\" content=\"1 ph\u00fat\" \/>\n<script type=\"application\/ld+json\" class=\"yoast-schema-graph\">{\"@context\":\"https:\/\/schema.org\",\"@graph\":[{\"@type\":\"WebPage\",\"@id\":\"https:\/\/blifemed.com\/all-products\/home-care-aids\/\",\"url\":\"https:\/\/blifemed.com\/all-products\/home-care-aids\/\",\"name\":\"\u5c45\u5bb6\u8f14\u5177 | Blife\",\"isPartOf\":{\"@id\":\"https:\/\/blifemed.com\/#website\"},\"datePublished\":\"2024-09-09T09:03:06+00:00\",\"dateModified\":\"2024-10-29T11:07:56+00:00\",\"breadcrumb\":{\"@id\":\"https:\/\/blifemed.com\/all-products\/home-care-aids\/#breadcrumb\"},\"inLanguage\":\"vi\",\"potentialAction\":[{\"@type\":\"ReadAction\",\"target\":[\"https:\/\/blifemed.com\/all-products\/home-care-aids\/\"]}]},{\"@type\":\"BreadcrumbList\",\"@id\":\"https:\/\/blifemed.com\/all-products\/home-care-aids\/#breadcrumb\",\"itemListElement\":[{\"@type\":\"ListItem\",\"position\":1,\"name\":\"\u9996\u9801\",\"item\":\"https:\/\/blifemed.com\/\"},{\"@type\":\"ListItem\",\"position\":2,\"name\":\"\u6240\u6709\u7522\u54c1\",\"item\":\"https:\/\/blifemed.com\/all-products\/\"},{\"@type\":\"ListItem\",\"position\":3,\"name\":\"\u5c45\u5bb6\u8f14\u5177\"}]},{\"@type\":\"WebSite\",\"@id\":\"https:\/\/blifemed.com\/#website\",\"url\":\"https:\/\/blifemed.com\/\",\"name\":\"SigmaCare\",\"description\":\"\u5168\u65b0\u7684\u8f14\u5177\u8207\u5468\u908a\u7522\u54c1\",\"publisher\":{\"@id\":\"https:\/\/blifemed.com\/#organization\"},\"potentialAction\":[{\"@type\":\"SearchAction\",\"target\":{\"@type\":\"EntryPoint\",\"urlTemplate\":\"https:\/\/blifemed.com\/?s={search_term_string}\"},\"query-input\":\"required name=search_term_string\"}],\"inLanguage\":\"vi\"},{\"@type\":\"Organization\",\"@id\":\"https:\/\/blifemed.com\/#organization\",\"name\":\"\u4e9e\u8b77\u958b\u767c\u80a1\u4efd\u6709\u9650\u516c\u53f8\",\"alternateName\":\"SigmaCare\",\"url\":\"https:\/\/blifemed.com\/\",\"logo\":{\"@type\":\"ImageObject\",\"inLanguage\":\"vi\",\"@id\":\"https:\/\/blifemed.com\/#\/schema\/logo\/image\/\",\"url\":\"https:\/\/blifemed.com\/wp-content\/uploads\/2023\/07\/cropped-Sigma-Care-icon.png\",\"contentUrl\":\"https:\/\/blifemed.com\/wp-content\/uploads\/2023\/07\/cropped-Sigma-Care-icon.png\",\"width\":512,\"height\":512,\"caption\":\"\u4e9e\u8b77\u958b\u767c\u80a1\u4efd\u6709\u9650\u516c\u53f8\"},\"image\":{\"@id\":\"https:\/\/blifemed.com\/#\/schema\/logo\/image\/\"}}]}<\/script>\n<!-- \/ Yoast SEO Premium plugin. -->","yoast_head_json":{"title":"\u5c45\u5bb6\u8f14\u5177 | Blife","robots":{"index":"index","follow":"follow","max-snippet":"max-snippet:-1","max-image-preview":"max-image-preview:large","max-video-preview":"max-video-preview:-1"},"canonical":"https:\/\/blifemed.com\/vi\/all-products\/home-care-aids\/","og_locale":"vi_VN","og_type":"article","og_title":"\u5c45\u5bb6\u8f14\u5177 | Blife","og_description":"\u5c45\u5bb6\u8f14\u5177 \u5207\u85e5\u78e8\u85e5\u76d2\u2027\u8f49\u79fb\u4f4d\u8f14\u5177\u2027\u53d6\u7269\u593e \u7528\u85e5 \u79fb\u4f4d \u6e1b\u58d3\uff08\u588a\uff09 \u5176\u4ed6","og_url":"https:\/\/blifemed.com\/vi\/all-products\/home-care-aids\/","og_site_name":"Blife","article_modified_time":"2024-10-29T11:07:56+00:00","og_image":[{"url":"https:\/\/blifemed.com\/wp-content\/uploads\/2024\/09\/pill-case.jpeg"}],"twitter_card":"summary_large_image","twitter_misc":{"\u01af\u1edbc t\u00ednh th\u1eddi gian \u0111\u1ecdc":"1 ph\u00fat"},"schema":{"@context":"https:\/\/schema.org","@graph":[{"@type":"WebPage","@id":"https:\/\/blifemed.com\/all-products\/home-care-aids\/","url":"https:\/\/blifemed.com\/all-products\/home-care-aids\/","name":"\u5c45\u5bb6\u8f14\u5177 | Blife","isPartOf":{"@id":"https:\/\/blifemed.com\/#website"},"datePublished":"2024-09-09T09:03:06+00:00","dateModified":"2024-10-29T11:07:56+00:00","breadcrumb":{"@id":"https:\/\/blifemed.com\/all-products\/home-care-aids\/#breadcrumb"},"inLanguage":"vi","potentialAction":[{"@type":"ReadAction","target":["https:\/\/blifemed.com\/all-products\/home-care-aids\/"]}]},{"@type":"BreadcrumbList","@id":"https:\/\/blifemed.com\/all-products\/home-care-aids\/#breadcrumb","itemListElement":[{"@type":"ListItem","position":1,"name":"\u9996\u9801","item":"https:\/\/blifemed.com\/"},{"@type":"ListItem","position":2,"name":"\u6240\u6709\u7522\u54c1","item":"https:\/\/blifemed.com\/all-products\/"},{"@type":"ListItem","position":3,"name":"\u5c45\u5bb6\u8f14\u5177"}]},{"@type":"WebSite","@id":"https:\/\/blifemed.com\/#website","url":"https:\/\/blifemed.com\/","name":"SigmaCare","description":"\u5168\u65b0\u7684\u8f14\u5177\u8207\u5468\u908a\u7522\u54c1","publisher":{"@id":"https:\/\/blifemed.com\/#organization"},"potentialAction":[{"@type":"SearchAction","target":{"@type":"EntryPoint","urlTemplate":"https:\/\/blifemed.com\/?s={search_term_string}"},"query-input":"required name=search_term_string"}],"inLanguage":"vi"},{"@type":"Organization","@id":"https:\/\/blifemed.com\/#organization","name":"\u4e9e\u8b77\u958b\u767c\u80a1\u4efd\u6709\u9650\u516c\u53f8","alternateName":"SigmaCare","url":"https:\/\/blifemed.com\/","logo":{"@type":"ImageObject","inLanguage":"vi","@id":"https:\/\/blifemed.com\/#\/schema\/logo\/image\/","url":"https:\/\/blifemed.com\/wp-content\/uploads\/2023\/07\/cropped-Sigma-Care-icon.png","contentUrl":"https:\/\/blifemed.com\/wp-content\/uploads\/2023\/07\/cropped-Sigma-Care-icon.png","width":512,"height":512,"caption":"\u4e9e\u8b77\u958b\u767c\u80a1\u4efd\u6709\u9650\u516c\u53f8"},"image":{"@id":"https:\/\/blifemed.com\/#\/schema\/logo\/image\/"}}]}},"_links":{"self":[{"href":"https:\/\/blifemed.com\/vi\/wp-json\/wp\/v2\/pages\/8308","targetHints":{"allow":["GET"]}}],"collection":[{"href":"https:\/\/blifemed.com\/vi\/wp-json\/wp\/v2\/pages"}],"about":[{"href":"https:\/\/blifemed.com\/vi\/wp-json\/wp\/v2\/types\/page"}],"author":[{"embeddable":true,"href":"https:\/\/blifemed.com\/vi\/wp-json\/wp\/v2\/users\/20"}],"replies":[{"embeddable":true,"href":"https:\/\/blifemed.com\/vi\/wp-json\/wp\/v2\/comments?post=8308"}],"version-history":[{"count":0,"href":"https:\/\/blifemed.com\/vi\/wp-json\/wp\/v2\/pages\/8308\/revisions"}],"up":[{"embeddable":true,"href":"https:\/\/blifemed.com\/vi\/wp-json\/wp\/v2\/pages\/8205"}],"wp:attachment":[{"href":"https:\/\/blifemed.com\/vi\/wp-json\/wp\/v2\/media?parent=8308"}],"curies":[{"name":"wp","href":"https:\/\/api.w.org\/{rel}","templated":true}]}}