{"id":4497,"date":"2024-04-09T16:03:13","date_gmt":"2024-04-09T08:03:13","guid":{"rendered":"https:\/\/blife.spacecraft.com.tw\/?page_id=4497"},"modified":"2024-12-05T09:22:29","modified_gmt":"2024-12-05T01:22:29","slug":"dealer","status":"publish","type":"page","link":"https:\/\/blifemed.com\/vi\/dealer\/","title":{"rendered":"B-life Tr\u1edf th\u00e0nh Nh\u00e0 ph\u00e2n ph\u1ed1i"},"content":{"rendered":"<div data-elementor-type=\"wp-page\" data-elementor-id=\"4497\" class=\"elementor elementor-4497\" data-elementor-post-type=\"page\">\n\t\t\t\t\t\t<section class=\"elementor-section elementor-top-section elementor-element elementor-element-6c4a0022 elementor-section-boxed elementor-section-height-default elementor-section-height-default\" data-id=\"6c4a0022\" data-element_type=\"section\" data-settings=\"{&quot;background_background&quot;:&quot;classic&quot;}\">\n\t\t\t\t\t\t\t<div class=\"elementor-background-overlay\"><\/div>\n\t\t\t\t\t\t\t<div class=\"elementor-container elementor-column-gap-no\">\n\t\t\t\t\t<div class=\"elementor-column elementor-col-100 elementor-top-column elementor-element elementor-element-223bfdb1\" data-id=\"223bfdb1\" data-element_type=\"column\">\n\t\t\t<div class=\"elementor-widget-wrap elementor-element-populated\">\n\t\t\t\t\t\t<div class=\"elementor-element elementor-element-5cdb85f5 elementor-widget elementor-widget-heading\" data-id=\"5cdb85f5\" data-element_type=\"widget\" data-widget_type=\"heading.default\">\n\t\t\t\t<div class=\"elementor-widget-container\">\n\t\t\t<h2 class=\"elementor-heading-title elementor-size-default\">Tr\u1edf th\u00e0nh \u0111\u1ea1i l\u00fd<\/h2>\t\t<\/div>\n\t\t\t\t<\/div>\n\t\t\t\t<div class=\"elementor-element elementor-element-1cc56c23 elementor-invisible elementor-widget elementor-widget-text-editor\" data-id=\"1cc56c23\" data-element_type=\"widget\" data-settings=\"{&quot;_animation&quot;:&quot;fadeInUp&quot;}\" data-widget_type=\"text-editor.default\">\n\t\t\t\t<div class=\"elementor-widget-container\">\n\t\t\t\t\t\t\t<p>B\u1ea1n c\u00f3 nhu c\u1ea7u mua s\u1eafm ho\u1eb7c h\u1ee3p t\u00e1c? H\u00e3y li\u00ean h\u1ec7 ngay v\u1edbi ch\u00fang t\u00f4i, \u0111\u1ed9i ng\u0169 nh\u00e2n vi\u00ean t\u1eadn t\u00e2m c\u1ee7a ch\u00fang t\u00f4i s\u1ebd ph\u1ee5c v\u1ee5 b\u1ea1n trong th\u1eddi gian s\u1edbm nh\u1ea5t.<\/p>\t\t\t\t\t\t<\/div>\n\t\t\t\t<\/div>\n\t\t\t\t<div class=\"elementor-element elementor-element-19778f04 elementor-widget-elementskit-dual-button-center elementor-invisible elementor-widget elementor-widget-elementskit-dual-button\" data-id=\"19778f04\" data-element_type=\"widget\" data-settings=\"{&quot;_animation&quot;:&quot;fadeInDown&quot;}\" data-widget_type=\"elementskit-dual-button.default\">\n\t\t\t\t<div class=\"elementor-widget-container\">\n\t\t\t<div class=\"ekit-wid-con\" >\n                <div class=\"ekit-element-align-wrapper\">\n                    <div class=\"ekit_double_button\">                <a class=\"ekit-double-btn ekit-double-btn-one\" href=\"https:\/\/blifemed.com\/vi\/b-life-home\/\">\n                    trang \u0111\u1ea7u                <\/a>\n            <span class='ekit_button_middle_text'>-<\/span>\n            <a class=\"ekit-double-btn ekit-double-btn-two\" href=\"#\">\n                    Tr\u1edf th\u00e0nh \u0111\u1ea1i l\u00fd                <\/a>\n                  <\/div>\n                <\/div>\n            <\/div>\t\t<\/div>\n\t\t\t\t<\/div>\n\t\t\t\t\t<\/div>\n\t\t<\/div>\n\t\t\t\t\t<\/div>\n\t\t<\/section>\n\t\t\t\t<section class=\"elementor-section elementor-top-section elementor-element elementor-element-29147ffc elementor-section-boxed elementor-section-height-default elementor-section-height-default\" data-id=\"29147ffc\" data-element_type=\"section\">\n\t\t\t\t\t\t\t<div class=\"elementor-background-overlay\"><\/div>\n\t\t\t\t\t\t\t<div class=\"elementor-container elementor-column-gap-no\">\n\t\t\t\t\t<div class=\"elementor-column elementor-col-100 elementor-top-column elementor-element elementor-element-51f68fc0\" data-id=\"51f68fc0\" data-element_type=\"column\">\n\t\t\t<div class=\"elementor-widget-wrap elementor-element-populated\">\n\t\t\t\t\t\t<div class=\"elementor-element elementor-element-42841dbe elementor-invisible elementor-widget elementor-widget-heading\" data-id=\"42841dbe\" data-element_type=\"widget\" data-settings=\"{&quot;_animation&quot;:&quot;zoomIn&quot;}\" data-widget_type=\"heading.default\">\n\t\t\t\t<div class=\"elementor-widget-container\">\n\t\t\t<h2 class=\"elementor-heading-title elementor-size-default\">Tr\u1edf th\u00e0nh \u0111\u1ea1i l\u00fd<\/h2>\t\t<\/div>\n\t\t\t\t<\/div>\n\t\t\t\t<div class=\"elementor-element elementor-element-cf58593 elementor-invisible elementor-widget elementor-widget-heading\" data-id=\"cf58593\" data-element_type=\"widget\" data-settings=\"{&quot;_animation&quot;:&quot;lightSpeedIn&quot;}\" data-widget_type=\"heading.default\">\n\t\t\t\t<div class=\"elementor-widget-container\">\n\t\t\t<h2 class=\"elementor-heading-title elementor-size-default\">Nh\u00e0 ph\u00e2n ph\u1ed1i \u0111i\u1ec1n v\u00e0o m\u1eabu \u0111\u01a1n\n<\/h2>\t\t<\/div>\n\t\t\t\t<\/div>\n\t\t\t\t<div class=\"elementor-element elementor-element-7a1d8b4c elementor-widget-divider--view-line elementor-widget elementor-widget-divider\" data-id=\"7a1d8b4c\" data-element_type=\"widget\" data-widget_type=\"divider.default\">\n\t\t\t\t<div class=\"elementor-widget-container\">\n\t\t\t\t\t<div class=\"elementor-divider\">\n\t\t\t<span class=\"elementor-divider-separator\">\n\t\t\t\t\t\t<\/span>\n\t\t<\/div>\n\t\t\t\t<\/div>\n\t\t\t\t<\/div>\n\t\t\t\t<section class=\"elementor-section elementor-inner-section elementor-element elementor-element-d0d3f8c elementor-section-boxed elementor-section-height-default elementor-section-height-default\" data-id=\"d0d3f8c\" data-element_type=\"section\">\n\t\t\t\t\t\t<div class=\"elementor-container elementor-column-gap-extended\">\n\t\t\t\t\t<div class=\"elementor-column elementor-col-50 elementor-inner-column elementor-element elementor-element-b4ed779\" data-id=\"b4ed779\" data-element_type=\"column\">\n\t\t\t<div class=\"elementor-widget-wrap elementor-element-populated\">\n\t\t\t\t\t\t<div class=\"elementor-element elementor-element-4d1e97e elementor-widget elementor-widget-image\" data-id=\"4d1e97e\" data-element_type=\"widget\" data-widget_type=\"image.default\">\n\t\t\t\t<div class=\"elementor-widget-container\">\n\t\t\t\t\t\t\t\t\t\t\t\t\t<img fetchpriority=\"high\" decoding=\"async\" width=\"683\" height=\"1024\" src=\"https:\/\/blifemed.com\/wp-content\/uploads\/2024\/06\/colleagues-discussing-business-growth-1-683x1024.jpg\" class=\"attachment-large size-large wp-image-6494\" alt=\"\" srcset=\"https:\/\/blifemed.com\/wp-content\/uploads\/2024\/06\/colleagues-discussing-business-growth-1-683x1024.jpg 683w, https:\/\/blifemed.com\/wp-content\/uploads\/2024\/06\/colleagues-discussing-business-growth-1-200x300.jpg 200w, https:\/\/blifemed.com\/wp-content\/uploads\/2024\/06\/colleagues-discussing-business-growth-1-768x1152.jpg 768w, https:\/\/blifemed.com\/wp-content\/uploads\/2024\/06\/colleagues-discussing-business-growth-1-8x12.jpg 8w, https:\/\/blifemed.com\/wp-content\/uploads\/2024\/06\/colleagues-discussing-business-growth-1-300x450.jpg 300w, https:\/\/blifemed.com\/wp-content\/uploads\/2024\/06\/colleagues-discussing-business-growth-1-400x600.jpg 400w, https:\/\/blifemed.com\/wp-content\/uploads\/2024\/06\/colleagues-discussing-business-growth-1.jpg 1000w\" sizes=\"(max-width: 683px) 100vw, 683px\" \/>\t\t\t\t\t\t\t\t\t\t\t\t\t<\/div>\n\t\t\t\t<\/div>\n\t\t\t\t\t<\/div>\n\t\t<\/div>\n\t\t\t\t<div class=\"elementor-column elementor-col-50 elementor-inner-column elementor-element elementor-element-075499d\" data-id=\"075499d\" data-element_type=\"column\">\n\t\t\t<div class=\"elementor-widget-wrap elementor-element-populated\">\n\t\t\t\t\t\t<div class=\"elementor-element elementor-element-45d158d elementor-widget elementor-widget-text-editor\" data-id=\"45d158d\" data-element_type=\"widget\" data-widget_type=\"text-editor.default\">\n\t\t\t\t<div class=\"elementor-widget-container\">\n\t\t\t\t\t\t\t<p>Vui l\u00f2ng d\u00e0nh v\u00e0i ph\u00fat \u0111\u1ec3 \u0111i\u1ec1n v\u00e0o m\u1eabu d\u01b0\u1edbi \u0111\u00e2y v\u00e0 ch\u00fang t\u00f4i s\u1ebd li\u00ean h\u1ec7 v\u1edbi b\u1ea1n s\u1edbm nh\u1ea5t c\u00f3 th\u1ec3.<br \/>(Vui l\u00f2ng \u0111i\u1ec1n \u0111\u1ea7y \u0111\u1ee7 th\u00f4ng tin v\u00e0o \u00f4 n\u00e0y)<\/p>\t\t\t\t\t\t<\/div>\n\t\t\t\t<\/div>\n\t\t\t\t<div class=\"elementor-element elementor-element-51fceb1 elementor-button-align-center elementor-widget elementor-widget-form\" data-id=\"51fceb1\" data-element_type=\"widget\" data-settings=\"{&quot;step_next_label&quot;:&quot;\\u4e0b\\u4e00\\u9801&quot;,&quot;step_previous_label&quot;:&quot;\\u4e0a\\u4e00\\u9801&quot;,&quot;button_width&quot;:&quot;100&quot;,&quot;step_type&quot;:&quot;number_text&quot;,&quot;step_icon_shape&quot;:&quot;circle&quot;}\" data-widget_type=\"form.default\">\n\t\t\t\t<div class=\"elementor-widget-container\">\n\t\t\t\t\t<form class=\"elementor-form\" method=\"post\" name=\"\u65b0\u8868\u55ae\" action=\"\">\n\t\t\t<input type=\"hidden\" name=\"post_id\" value=\"4497\"\/>\n\t\t\t<input type=\"hidden\" name=\"form_id\" value=\"51fceb1\"\/>\n\t\t\t<input type=\"hidden\" name=\"referer_title\" value=\"Blife\" \/>\n\n\t\t\t\n\t\t\t<div class=\"elementor-form-fields-wrapper elementor-labels-above\">\n\t\t\t\t\t\t\t\t<div class=\"elementor-field-type-text elementor-field-group elementor-column elementor-field-group-name elementor-col-50\">\n\t\t\t\t\t\t\t\t\t\t\t\t<label for=\"form-field-name\" class=\"elementor-field-label\">\n\t\t\t\t\t\t\t\tt\u00ean\t\t\t\t\t\t\t<\/label>\n\t\t\t\t\t\t\t\t\t\t\t\t\t\t<input size=\"1\" type=\"text\" name=\"form_fields[name]\" id=\"form-field-name\" class=\"elementor-field elementor-size-sm  elementor-field-textual\" placeholder=\"T\u00ean c\u1ee7a b\u1ea1n\">\n\t\t\t\t\t\t\t\t\t\t\t<\/div>\n\t\t\t\t\t\t\t\t<div class=\"elementor-field-type-text elementor-field-group elementor-column elementor-field-group-field_71bfead elementor-col-50\">\n\t\t\t\t\t\t\t\t\t\t\t\t<label for=\"form-field-field_71bfead\" class=\"elementor-field-label\">\n\t\t\t\t\t\t\t\tH\u1ecd\t\t\t\t\t\t\t<\/label>\n\t\t\t\t\t\t\t\t\t\t\t\t\t\t<input size=\"1\" type=\"text\" name=\"form_fields[field_71bfead]\" id=\"form-field-field_71bfead\" class=\"elementor-field elementor-size-sm  elementor-field-textual\" placeholder=\"H\u1ecd c\u1ee7a b\u1ea1n\">\n\t\t\t\t\t\t\t\t\t\t\t<\/div>\n\t\t\t\t\t\t\t\t<div class=\"elementor-field-type-email elementor-field-group elementor-column elementor-field-group-email elementor-col-50 elementor-field-required\">\n\t\t\t\t\t\t\t\t\t\t\t\t<label for=\"form-field-email\" class=\"elementor-field-label\">\n\t\t\t\t\t\t\t\te-mail\t\t\t\t\t\t\t<\/label>\n\t\t\t\t\t\t\t\t\t\t\t\t\t\t<input size=\"1\" type=\"email\" name=\"form_fields[email]\" id=\"form-field-email\" class=\"elementor-field elementor-size-sm  elementor-field-textual\" placeholder=\"Email c\u1ee7a b\u1ea1n\" required=\"required\" aria-required=\"true\">\n\t\t\t\t\t\t\t\t\t\t\t<\/div>\n\t\t\t\t\t\t\t\t<div class=\"elementor-field-type-tel elementor-field-group elementor-column elementor-field-group-field_3626fe0 elementor-col-50 elementor-field-required\">\n\t\t\t\t\t\t\t\t\t\t\t\t<label for=\"form-field-field_3626fe0\" class=\"elementor-field-label\">\n\t\t\t\t\t\t\t\tS\u1ed1 \u0111i\u1ec7n tho\u1ea1i li\u00ean l\u1ea1c\t\t\t\t\t\t\t<\/label>\n\t\t\t\t\t\t\t\t<input size=\"1\" type=\"tel\" name=\"form_fields[field_3626fe0]\" id=\"form-field-field_3626fe0\" class=\"elementor-field elementor-size-sm  elementor-field-textual\" placeholder=\"S\u1ed1 \u0111i\u1ec7n tho\u1ea1i li\u00ean l\u1ea1c c\u1ee7a b\u1ea1n\" required=\"required\" aria-required=\"true\" pattern=\"[0-9()#&amp;+*-=.]+\" title=\"Only numbers and phone characters (#, -, *, etc) are accepted.\">\n\n\t\t\t\t\t\t<\/div>\n\t\t\t\t\t\t\t\t<div class=\"elementor-field-type-select elementor-field-group elementor-column elementor-field-group-field_1aee84b elementor-col-100 elementor-field-required\">\n\t\t\t\t\t\t\t\t\t\t\t\t<label for=\"form-field-field_1aee84b\" class=\"elementor-field-label\">\n\t\t\t\t\t\t\t\tQu\u1ed1c gia\t\t\t\t\t\t\t<\/label>\n\t\t\t\t\t\t\t\t<div class=\"elementor-field elementor-select-wrapper remove-before\">\n\t\t\t<div class=\"select-caret-down-wrapper\">\n\t\t\t\t<i aria-hidden=\"true\" class=\"eicon-caret-down\"><\/i>\t\t\t<\/div>\n\t\t\t<select name=\"form_fields[field_1aee84b]\" id=\"form-field-field_1aee84b\" class=\"elementor-field-textual elementor-size-sm\" required=\"required\" aria-required=\"true\">\n\t\t\t\t\t\t\t\t\t<option value=\"\u7f8e\u570b\">Hoa K\u1ef3<\/option>\n\t\t\t\t\t\t\t\t\t<option value=\"\u52a0\u62ff\u5927\">Canada<\/option>\n\t\t\t\t\t\t\t\t\t<option value=\"\u6fb3\u6d32\">\u00dac<\/option>\n\t\t\t\t\t\t\t\t\t<option value=\"\u5fb7\u570b\">\u0110\u1ee9c<\/option>\n\t\t\t\t\t\t\t\t\t<option value=\"\u6cd5\u570b\">Ph\u00e1p<\/option>\n\t\t\t\t\t\t\t\t\t<option value=\"\u65e5\u672c\">Nh\u1eadt B\u1ea3n<\/option>\n\t\t\t\t\t\t\t\t\t<option value=\"\u4e2d\u570b\">Trung Qu\u1ed1c<\/option>\n\t\t\t\t\t\t\t\t\t<option value=\"\u5370\u5ea6\">\u1ea4n \u0110\u1ed9<\/option>\n\t\t\t\t\t\t\t\t\t<option value=\"\u6cf0\u570b\">Th\u00e1i Lan<\/option>\n\t\t\t\t\t\t\t\t\t<option value=\"\u8d8a\u5357\">Vi\u1ec7t Nam<\/option>\n\t\t\t\t\t\t\t\t\t<option value=\"\u5370\u5c3c\">Indonesia<\/option>\n\t\t\t\t\t\t\t\t\t<option value=\"\u99ac\u4f86\u897f\u4e9e\">Malaysia<\/option>\n\t\t\t\t\t\t\t\t\t<option value=\"\u65b0\u52a0\u5761\">Singapore<\/option>\n\t\t\t\t\t\t\t\t\t<option value=\"\u83f2\u5f8b\u8cd3\">Philippines<\/option>\n\t\t\t\t\t\t\t\t\t<option value=\"\u74dc\u5730\u99ac\u62c9\">Guatemala<\/option>\n\t\t\t\t\t\t\t\t\t<option value=\"\u85a9\u723e\u74e6\u591a\">El Salvador<\/option>\n\t\t\t\t\t\t\t\t\t<option value=\"\u58a8\u897f\u54e5\">Mexico<\/option>\n\t\t\t\t\t\t\t\t\t<option value=\"\u6c99\u70cf\u5730\u963f\u62c9\u4f2f\">\u1ea2 R\u1eadp X\u00ea \u00dat<\/option>\n\t\t\t\t\t\t\t\t\t<option value=\"\u5357\u975e\">Nam Phi<\/option>\n\t\t\t\t\t\t\t\t\t<option value=\"\u5176\u4ed6\u570b\u5bb6\uff08\u8acb\u5728\u5099\u8a3b\u4e2d\u586b\u5beb\uff09\">C\u00e1c qu\u1ed1c gia kh\u00e1c (vui l\u00f2ng \u0111i\u1ec1n v\u00e0o ph\u1ea7n nh\u1eadn x\u00e9t)<\/option>\n\t\t\t\t\t\t\t<\/select>\n\t\t<\/div>\n\t\t\t\t\t\t<\/div>\n\t\t\t\t\t\t\t\t<div class=\"elementor-field-type-text elementor-field-group elementor-column elementor-field-group-field_555faef elementor-col-100\">\n\t\t\t\t\t\t\t\t\t\t\t\t<label for=\"form-field-field_555faef\" class=\"elementor-field-label\">\n\t\t\t\t\t\t\t\tkhu v\u1ef1c\t\t\t\t\t\t\t<\/label>\n\t\t\t\t\t\t\t\t\t\t\t\t\t\t<input size=\"1\" type=\"text\" name=\"form_fields[field_555faef]\" id=\"form-field-field_555faef\" class=\"elementor-field elementor-size-sm  elementor-field-textual\" placeholder=\"Khu v\u1ef1c c\u1ee7a b\u1ea1n\">\n\t\t\t\t\t\t\t\t\t\t\t<\/div>\n\t\t\t\t\t\t\t\t<div class=\"elementor-field-type-text elementor-field-group elementor-column elementor-field-group-field_221728d elementor-col-100\">\n\t\t\t\t\t\t\t\t\t\t\t\t<label for=\"form-field-field_221728d\" class=\"elementor-field-label\">\n\t\t\t\t\t\t\t\tch\u1ee9c danh c\u00f4ng vi\u1ec7c\t\t\t\t\t\t\t<\/label>\n\t\t\t\t\t\t\t\t\t\t\t\t\t\t<input size=\"1\" type=\"text\" name=\"form_fields[field_221728d]\" id=\"form-field-field_221728d\" class=\"elementor-field elementor-size-sm  elementor-field-textual\" placeholder=\"Ch\u1ee9c danh c\u00f4ng vi\u1ec7c c\u1ee7a b\u1ea1n\">\n\t\t\t\t\t\t\t\t\t\t\t<\/div>\n\t\t\t\t\t\t\t\t<div class=\"elementor-field-type-textarea elementor-field-group elementor-column elementor-field-group-message elementor-col-100\">\n\t\t\t\t\t\t\t\t\t\t\t\t<label for=\"form-field-message\" class=\"elementor-field-label\">\n\t\t\t\t\t\t\t\tCh\u1ee7 th\u1ec3\t\t\t\t\t\t\t<\/label>\n\t\t\t\t\t\t<textarea class=\"elementor-field-textual elementor-field  elementor-size-sm\" name=\"form_fields[message]\" id=\"form-field-message\" rows=\"4\" placeholder=\"Vui l\u00f2ng cung c\u1ea5p th\u00f4ng tin chi ti\u1ebft v\u1ec1 y\u00eau c\u1ea7u c\u1ee7a b\u1ea1n\"><\/textarea>\t\t\t\t<\/div>\n\t\t\t\t\t\t\t\t<div class=\"elementor-field-type-textarea elementor-field-group elementor-column elementor-field-group-field_17f8dec elementor-col-100\">\n\t\t\t\t\t\t\t\t\t\t\t\t<label for=\"form-field-field_17f8dec\" class=\"elementor-field-label\">\n\t\t\t\t\t\t\t\tNh\u1eadn x\u00e9t\t\t\t\t\t\t\t<\/label>\n\t\t\t\t\t\t<textarea class=\"elementor-field-textual elementor-field  elementor-size-sm\" name=\"form_fields[field_17f8dec]\" id=\"form-field-field_17f8dec\" rows=\"4\" placeholder=\"Nh\u1eadn x\u00e9t\"><\/textarea>\t\t\t\t<\/div>\n\t\t\t\t\t\t\t\t<div class=\"elementor-field-group elementor-column elementor-field-type-submit elementor-col-100 e-form__buttons\">\n\t\t\t\t\t<button class=\"elementor-button elementor-size-sm elementor-animation-shrink\" type=\"submit\">\n\t\t\t\t\t\t<span class=\"elementor-button-content-wrapper\">\n\t\t\t\t\t\t\t\t\t\t\t\t\t\t\t\t\t\t\t\t\t\t<span class=\"elementor-button-text\">G\u1eedi y\u00eau c\u1ea7u<\/span>\n\t\t\t\t\t\t\t\t\t\t\t\t\t<\/span>\n\t\t\t\t\t<\/button>\n\t\t\t\t<\/div>\n\t\t\t<\/div>\n\t\t<input type=\"hidden\" name=\"trp-form-language\" value=\"vi\"\/><\/form>\n\t\t\t\t<\/div>\n\t\t\t\t<\/div>\n\t\t\t\t\t<\/div>\n\t\t<\/div>\n\t\t\t\t\t<\/div>\n\t\t<\/section>\n\t\t\t\t\t<\/div>\n\t\t<\/div>\n\t\t\t\t\t<\/div>\n\t\t<\/section>\n\t\t\t\t<\/div>","protected":false},"excerpt":{"rendered":"<p>\u6210\u7232\u7d93\u92b7\u5546 \u6709\u63a1\u8cfc\u6216\u5408\u4f5c\u9700\u6c42\u55ce\uff1f\u7acb\u5373\u806f\u7e6b\u6211\u5011\uff0c\u5c08\u4eba\u5c07\u5118\u901f\u70ba\u60a8\u670d\u52d9\u3002 \u9996\u9801 &#8211; \u6210\u7232\u7d93\u92b7\u5546 \u6210\u7232\u7d93\u92b7 &hellip;<\/p>\n<p class=\"read-more\"> <a class=\"\" href=\"https:\/\/blifemed.com\/vi\/dealer\/\"> <span class=\"screen-reader-text\">B-life Tr\u1edf th\u00e0nh Nh\u00e0 ph\u00e2n ph\u1ed1i<\/span> \u0110\u1ecdc th\u00eam &quot;<\/a><\/p>","protected":false},"author":20,"featured_media":0,"parent":0,"menu_order":43,"comment_status":"closed","ping_status":"closed","template":"","meta":{"site-sidebar-layout":"no-sidebar","site-content-layout":"page-builder","ast-global-header-display":"","ast-banner-title-visibility":"","ast-main-header-display":"","ast-hfb-above-header-display":"","ast-hfb-below-header-display":"","ast-hfb-mobile-header-display":"","site-post-title":"disabled","ast-breadcrumbs-content":"","ast-featured-img":"disabled","footer-sml-layout":"","theme-transparent-header-meta":"","adv-header-id-meta":"","stick-header-meta":"","header-above-stick-meta":"","header-main-stick-meta":"","header-below-stick-meta":"","footnotes":""},"class_list":["post-4497","page","type-page","status-publish","hentry"],"yoast_head":"<!-- This site is optimized with the Yoast SEO Premium plugin v20.3 (Yoast SEO v20.3) - https:\/\/yoast.com\/wordpress\/plugins\/seo\/ -->\n<title>B-life \u6210\u7232\u7d93\u92b7\u5546 | Blife<\/title>\n<meta name=\"robots\" content=\"index, follow, max-snippet:-1, max-image-preview:large, max-video-preview:-1\" \/>\n<link rel=\"canonical\" href=\"https:\/\/blifemed.com\/vi\/dealer\/\" \/>\n<meta property=\"og:locale\" content=\"vi_VN\" \/>\n<meta property=\"og:type\" content=\"article\" \/>\n<meta property=\"og:title\" content=\"B-life \u6210\u7232\u7d93\u92b7\u5546 | Blife\" \/>\n<meta property=\"og:description\" content=\"\u6210\u7232\u7d93\u92b7\u5546 \u6709\u63a1\u8cfc\u6216\u5408\u4f5c\u9700\u6c42\u55ce\uff1f\u7acb\u5373\u806f\u7e6b\u6211\u5011\uff0c\u5c08\u4eba\u5c07\u5118\u901f\u70ba\u60a8\u670d\u52d9\u3002 \u9996\u9801 &#8211; \u6210\u7232\u7d93\u92b7\u5546 \u6210\u7232\u7d93\u92b7 &hellip; B-life \u6210\u7232\u7d93\u92b7\u5546 Read More &raquo;\" \/>\n<meta property=\"og:url\" content=\"https:\/\/blifemed.com\/vi\/dealer\/\" \/>\n<meta property=\"og:site_name\" content=\"Blife\" \/>\n<meta property=\"article:modified_time\" content=\"2024-12-05T01:22:29+00:00\" \/>\n<meta property=\"og:image\" content=\"https:\/\/blifemed.com\/wp-content\/uploads\/2024\/06\/colleagues-discussing-business-growth-1-683x1024.jpg\" \/>\n<meta name=\"twitter:card\" content=\"summary_large_image\" \/>\n<meta name=\"twitter:label1\" content=\"\u01af\u1edbc t\u00ednh th\u1eddi gian \u0111\u1ecdc\" \/>\n\t<meta name=\"twitter:data1\" content=\"1 ph\u00fat\" \/>\n<script type=\"application\/ld+json\" class=\"yoast-schema-graph\">{\"@context\":\"https:\/\/schema.org\",\"@graph\":[{\"@type\":\"WebPage\",\"@id\":\"https:\/\/blifemed.com\/dealer\/\",\"url\":\"https:\/\/blifemed.com\/dealer\/\",\"name\":\"B-life \u6210\u7232\u7d93\u92b7\u5546 | Blife\",\"isPartOf\":{\"@id\":\"https:\/\/blifemed.com\/#website\"},\"datePublished\":\"2024-04-09T08:03:13+00:00\",\"dateModified\":\"2024-12-05T01:22:29+00:00\",\"breadcrumb\":{\"@id\":\"https:\/\/blifemed.com\/dealer\/#breadcrumb\"},\"inLanguage\":\"vi\",\"potentialAction\":[{\"@type\":\"ReadAction\",\"target\":[\"https:\/\/blifemed.com\/dealer\/\"]}]},{\"@type\":\"BreadcrumbList\",\"@id\":\"https:\/\/blifemed.com\/dealer\/#breadcrumb\",\"itemListElement\":[{\"@type\":\"ListItem\",\"position\":1,\"name\":\"\u9996\u9801\",\"item\":\"https:\/\/blifemed.com\/\"},{\"@type\":\"ListItem\",\"position\":2,\"name\":\"B-life \u6210\u7232\u7d93\u92b7\u5546\"}]},{\"@type\":\"WebSite\",\"@id\":\"https:\/\/blifemed.com\/#website\",\"url\":\"https:\/\/blifemed.com\/\",\"name\":\"SigmaCare\",\"description\":\"\u5168\u65b0\u7684\u8f14\u5177\u8207\u5468\u908a\u7522\u54c1\",\"publisher\":{\"@id\":\"https:\/\/blifemed.com\/#organization\"},\"potentialAction\":[{\"@type\":\"SearchAction\",\"target\":{\"@type\":\"EntryPoint\",\"urlTemplate\":\"https:\/\/blifemed.com\/?s={search_term_string}\"},\"query-input\":\"required name=search_term_string\"}],\"inLanguage\":\"vi\"},{\"@type\":\"Organization\",\"@id\":\"https:\/\/blifemed.com\/#organization\",\"name\":\"\u4e9e\u8b77\u958b\u767c\u80a1\u4efd\u6709\u9650\u516c\u53f8\",\"alternateName\":\"SigmaCare\",\"url\":\"https:\/\/blifemed.com\/\",\"logo\":{\"@type\":\"ImageObject\",\"inLanguage\":\"vi\",\"@id\":\"https:\/\/blifemed.com\/#\/schema\/logo\/image\/\",\"url\":\"https:\/\/blifemed.com\/wp-content\/uploads\/2023\/07\/cropped-Sigma-Care-icon.png\",\"contentUrl\":\"https:\/\/blifemed.com\/wp-content\/uploads\/2023\/07\/cropped-Sigma-Care-icon.png\",\"width\":512,\"height\":512,\"caption\":\"\u4e9e\u8b77\u958b\u767c\u80a1\u4efd\u6709\u9650\u516c\u53f8\"},\"image\":{\"@id\":\"https:\/\/blifemed.com\/#\/schema\/logo\/image\/\"}}]}<\/script>\n<!-- \/ Yoast SEO Premium plugin. -->","yoast_head_json":{"title":"B-life \u6210\u7232\u7d93\u92b7\u5546 | Blife","robots":{"index":"index","follow":"follow","max-snippet":"max-snippet:-1","max-image-preview":"max-image-preview:large","max-video-preview":"max-video-preview:-1"},"canonical":"https:\/\/blifemed.com\/vi\/dealer\/","og_locale":"vi_VN","og_type":"article","og_title":"B-life \u6210\u7232\u7d93\u92b7\u5546 | Blife","og_description":"\u6210\u7232\u7d93\u92b7\u5546 \u6709\u63a1\u8cfc\u6216\u5408\u4f5c\u9700\u6c42\u55ce\uff1f\u7acb\u5373\u806f\u7e6b\u6211\u5011\uff0c\u5c08\u4eba\u5c07\u5118\u901f\u70ba\u60a8\u670d\u52d9\u3002 \u9996\u9801 &#8211; \u6210\u7232\u7d93\u92b7\u5546 \u6210\u7232\u7d93\u92b7 &hellip; B-life \u6210\u7232\u7d93\u92b7\u5546 Read More &raquo;","og_url":"https:\/\/blifemed.com\/vi\/dealer\/","og_site_name":"Blife","article_modified_time":"2024-12-05T01:22:29+00:00","og_image":[{"url":"https:\/\/blifemed.com\/wp-content\/uploads\/2024\/06\/colleagues-discussing-business-growth-1-683x1024.jpg"}],"twitter_card":"summary_large_image","twitter_misc":{"\u01af\u1edbc t\u00ednh th\u1eddi gian \u0111\u1ecdc":"1 ph\u00fat"},"schema":{"@context":"https:\/\/schema.org","@graph":[{"@type":"WebPage","@id":"https:\/\/blifemed.com\/dealer\/","url":"https:\/\/blifemed.com\/dealer\/","name":"B-life \u6210\u7232\u7d93\u92b7\u5546 | Blife","isPartOf":{"@id":"https:\/\/blifemed.com\/#website"},"datePublished":"2024-04-09T08:03:13+00:00","dateModified":"2024-12-05T01:22:29+00:00","breadcrumb":{"@id":"https:\/\/blifemed.com\/dealer\/#breadcrumb"},"inLanguage":"vi","potentialAction":[{"@type":"ReadAction","target":["https:\/\/blifemed.com\/dealer\/"]}]},{"@type":"BreadcrumbList","@id":"https:\/\/blifemed.com\/dealer\/#breadcrumb","itemListElement":[{"@type":"ListItem","position":1,"name":"\u9996\u9801","item":"https:\/\/blifemed.com\/"},{"@type":"ListItem","position":2,"name":"B-life \u6210\u7232\u7d93\u92b7\u5546"}]},{"@type":"WebSite","@id":"https:\/\/blifemed.com\/#website","url":"https:\/\/blifemed.com\/","name":"SigmaCare","description":"\u5168\u65b0\u7684\u8f14\u5177\u8207\u5468\u908a\u7522\u54c1","publisher":{"@id":"https:\/\/blifemed.com\/#organization"},"potentialAction":[{"@type":"SearchAction","target":{"@type":"EntryPoint","urlTemplate":"https:\/\/blifemed.com\/?s={search_term_string}"},"query-input":"required name=search_term_string"}],"inLanguage":"vi"},{"@type":"Organization","@id":"https:\/\/blifemed.com\/#organization","name":"\u4e9e\u8b77\u958b\u767c\u80a1\u4efd\u6709\u9650\u516c\u53f8","alternateName":"SigmaCare","url":"https:\/\/blifemed.com\/","logo":{"@type":"ImageObject","inLanguage":"vi","@id":"https:\/\/blifemed.com\/#\/schema\/logo\/image\/","url":"https:\/\/blifemed.com\/wp-content\/uploads\/2023\/07\/cropped-Sigma-Care-icon.png","contentUrl":"https:\/\/blifemed.com\/wp-content\/uploads\/2023\/07\/cropped-Sigma-Care-icon.png","width":512,"height":512,"caption":"\u4e9e\u8b77\u958b\u767c\u80a1\u4efd\u6709\u9650\u516c\u53f8"},"image":{"@id":"https:\/\/blifemed.com\/#\/schema\/logo\/image\/"}}]}},"_links":{"self":[{"href":"https:\/\/blifemed.com\/vi\/wp-json\/wp\/v2\/pages\/4497","targetHints":{"allow":["GET"]}}],"collection":[{"href":"https:\/\/blifemed.com\/vi\/wp-json\/wp\/v2\/pages"}],"about":[{"href":"https:\/\/blifemed.com\/vi\/wp-json\/wp\/v2\/types\/page"}],"author":[{"embeddable":true,"href":"https:\/\/blifemed.com\/vi\/wp-json\/wp\/v2\/users\/20"}],"replies":[{"embeddable":true,"href":"https:\/\/blifemed.com\/vi\/wp-json\/wp\/v2\/comments?post=4497"}],"version-history":[{"count":0,"href":"https:\/\/blifemed.com\/vi\/wp-json\/wp\/v2\/pages\/4497\/revisions"}],"wp:attachment":[{"href":"https:\/\/blifemed.com\/vi\/wp-json\/wp\/v2\/media?parent=4497"}],"curies":[{"name":"wp","href":"https:\/\/api.w.org\/{rel}","templated":true}]}}