{"id":10107,"date":"2025-04-08T13:17:09","date_gmt":"2025-04-08T05:17:09","guid":{"rendered":"https:\/\/blifemed.com\/?page_id=10107"},"modified":"2025-04-17T09:48:11","modified_gmt":"2025-04-17T01:48:11","slug":"%e7%85%a7%e8%ad%b7%e5%ba%8a%e7%b3%bb%e5%88%97","status":"publish","type":"page","link":"https:\/\/blifemed.com\/vi\/all-products\/home-care-aids01\/%e7%85%a7%e8%ad%b7%e5%ba%8a%e7%b3%bb%e5%88%97\/","title":{"rendered":"D\u00f2ng gi\u01b0\u1eddng cho con b\u00fa"},"content":{"rendered":"<div data-elementor-type=\"wp-page\" data-elementor-id=\"10107\" class=\"elementor elementor-10107\" data-elementor-post-type=\"page\">\n\t\t\t\t\t\t<section class=\"elementor-section elementor-top-section elementor-element elementor-element-870eb97 elementor-section-boxed elementor-section-height-default elementor-section-height-default\" data-id=\"870eb97\" data-element_type=\"section\" data-settings=\"{&quot;background_background&quot;:&quot;classic&quot;}\">\n\t\t\t\t\t\t\t<div class=\"elementor-background-overlay\"><\/div>\n\t\t\t\t\t\t\t<div class=\"elementor-container elementor-column-gap-no\">\n\t\t\t\t\t<div class=\"elementor-column elementor-col-100 elementor-top-column elementor-element elementor-element-6c19abb\" data-id=\"6c19abb\" data-element_type=\"column\">\n\t\t\t<div class=\"elementor-widget-wrap elementor-element-populated\">\n\t\t\t\t\t\t<div class=\"elementor-element elementor-element-d128a07 elementor-widget elementor-widget-heading\" data-id=\"d128a07\" data-element_type=\"widget\" data-widget_type=\"heading.default\">\n\t\t\t\t<div class=\"elementor-widget-container\">\n\t\t\t<h2 class=\"elementor-heading-title elementor-size-default\">D\u00f2ng gi\u01b0\u1eddng cho con b\u00fa<\/h2>\t\t<\/div>\n\t\t\t\t<\/div>\n\t\t\t\t<div class=\"elementor-element elementor-element-ae50b62 elementor-widget elementor-widget-woocommerce-breadcrumb\" data-id=\"ae50b62\" data-element_type=\"widget\" data-widget_type=\"woocommerce-breadcrumb.default\">\n\t\t\t\t<div class=\"elementor-widget-container\">\n\t\t\t<nav class=\"woocommerce-breadcrumb\" aria-label=\"Breadcrumb\" data-no-translation=\"\" data-trp-gettext=\"\">Trang ch\u1ee7<\/nav>\t\t<\/div>\n\t\t\t\t<\/div>\n\t\t\t\t<div class=\"elementor-element elementor-element-6e9aaa2 elementor-widget-divider--view-line elementor-widget elementor-widget-divider\" data-id=\"6e9aaa2\" data-element_type=\"widget\" data-widget_type=\"divider.default\">\n\t\t\t\t<div class=\"elementor-widget-container\">\n\t\t\t\t\t<div class=\"elementor-divider\">\n\t\t\t<span class=\"elementor-divider-separator\">\n\t\t\t\t\t\t<\/span>\n\t\t<\/div>\n\t\t\t\t<\/div>\n\t\t\t\t<\/div>\n\t\t\t\t<div class=\"elementor-element elementor-element-7be4577 elementor-widget elementor-widget-text-editor\" data-id=\"7be4577\" data-element_type=\"widget\" data-widget_type=\"text-editor.default\">\n\t\t\t\t<div class=\"elementor-widget-container\">\n\t\t\t\t\t\t\t<p>Gi\u01b0\u1eddng \u0111i\u1ec1u d\u01b0\u1ee1ng \u0111i\u1ec7n, gi\u01b0\u1eddng \u0111i\u1ec1u d\u01b0\u1ee1ng c\u01a1<\/p>\t\t\t\t\t\t<\/div>\n\t\t\t\t<\/div>\n\t\t\t\t<section class=\"elementor-section elementor-inner-section elementor-element elementor-element-6efce8f elementor-section-boxed elementor-section-height-default elementor-section-height-default\" data-id=\"6efce8f\" data-element_type=\"section\">\n\t\t\t\t\t\t<div class=\"elementor-container elementor-column-gap-wide\">\n\t\t\t\t\t<div class=\"elementor-column elementor-col-50 elementor-inner-column elementor-element elementor-element-c1e3d9a elementor-hidden-tablet elementor-hidden-mobile\" data-id=\"c1e3d9a\" data-element_type=\"column\">\n\t\t\t<div class=\"elementor-widget-wrap elementor-element-populated\">\n\t\t\t\t\t\t<div class=\"elementor-element elementor-element-74996ad eael_simple_menu_hamburger_disable_selected_menu_no eael-simple-menu-hamburger-align-right eael-hamburger--tablet elementor-widget elementor-widget-eael-simple-menu\" data-id=\"74996ad\" data-element_type=\"widget\" data-widget_type=\"eael-simple-menu.default\">\n\t\t\t\t<div class=\"elementor-widget-container\">\n\t\t\t<style>\n                        @media screen and (max-width: 1024px) {\n                            .eael-hamburger--tablet {\n                                .eael-simple-menu-horizontal,\n                                .eael-simple-menu-vertical {\n                                    display: none;\n                                }\n                            }\n                            .eael-hamburger--tablet {\n                                .eael-simple-menu-container .eael-simple-menu-toggle {\n                                    display: block;\n                                }\n                            }\n                        }\n                    <\/style>            <div data-hamburger-icon=\"&lt;i aria-hidden=&quot;true&quot; class=&quot;fas fa-bars&quot;&gt;&lt;\/i&gt;\" data-indicator-icon=\"&lt;i aria-hidden=&quot;true&quot; class=&quot;fas fa-angle-down&quot;&gt;&lt;\/i&gt;\" data-dropdown-indicator-icon=\"&lt;i class=&quot;fas fa-angle-down&quot;&gt;&lt;\/i&gt;\" class=\"eael-simple-menu-container eael-simple-menu-align-left eael-simple-menu-dropdown-align-left preset-1\" data-hamburger-breakpoints=\"{&quot;mobile&quot;:&quot;Ch\\u1ebf \\u0111\\u1ed9 d\\u1ecdc di \\u0111\\u1ed9ng (&gt; 767px)&quot;,&quot;tablet&quot;:&quot;Tablet D\\u1ecdc (&gt; 1024px)&quot;,&quot;desktop&quot;:&quot;Desktop (&gt; 2400px)&quot;,&quot;none&quot;:&quot;None&quot;}\" data-hamburger-device=\"tablet\">\n                <ul id=\"menu-%e4%b8%ad%e6%96%87%e7%89%88%e7%94%a2%e5%93%81%e7%9b%ae%e9%8c%84-2\" class=\"eael-simple-menu eael-simple-menu-dropdown-animate-to-top eael-simple-menu-indicator eael-simple-menu-vertical\"><li id=\"menu-item-9993\" class=\"menu-item menu-item-type-post_type menu-item-object-page menu-item-9993\"><a href=\"https:\/\/blifemed.com\/vi\/all-products\/home-care-aids01\/\" class=\"menu-link\">Thi\u1ebft b\u1ecb h\u1ed7 tr\u1ee3 ch\u0103m s\u00f3c t\u1ea1i nh\u00e0<\/a><\/li>\n<\/ul>                <button class=\"eael-simple-menu-toggle\">\n                    <span class=\"sr-only\">Hamburger Toggle Menu<\/span>\n                    <i aria-hidden=\"true\" class=\"fas fa-bars\"><\/i>                <\/button>\n            <\/div>\n            \t\t<\/div>\n\t\t\t\t<\/div>\n\t\t\t\t\t<\/div>\n\t\t<\/div>\n\t\t\t\t<div class=\"elementor-column elementor-col-50 elementor-inner-column elementor-element elementor-element-9cd1d06\" data-id=\"9cd1d06\" data-element_type=\"column\">\n\t\t\t<div class=\"elementor-widget-wrap elementor-element-populated\">\n\t\t\t\t\t\t<div class=\"elementor-element elementor-element-ced75b2 elementor-widget elementor-widget-ucaddon_woocommerce_product_grid\" data-id=\"ced75b2\" data-element_type=\"widget\" data-widget_type=\"ucaddon_woocommerce_product_grid.default\">\n\t\t\t\t<div class=\"elementor-widget-container\">\n\t\t\t\n<!-- start Woo Product Grid -->\n\t\t<link id='font-awesome-css' href='https:\/\/blifemed.com\/wp-content\/plugins\/unlimited-elements-for-elementor-premium\/assets_libraries\/font-awesome6\/fontawesome-all.min.css' type='text\/css' rel='stylesheet' >\n\t\t<link id='font-awesome-4-shim-css' href='https:\/\/blifemed.com\/wp-content\/plugins\/unlimited-elements-for-elementor-premium\/assets_libraries\/font-awesome6\/fontawesome-v4-shims.min.css' type='text\/css' rel='stylesheet' >\n\n<style>\/* widget: Woo Product Grid *\/\n\n\r\n@keyframes uc_woocommerce_product_grid_elementor_ced75b2__item-animation {\r\n  0% {\r\n            \r\n        \t        \tfilter: blur(10px);\r\n\t\t\t\r\n    \t    opacity: 0;\r\n  }\r\n  100% {\r\n            \r\n        \t            filter: blur(0px);\r\n            \r\n    \t\topacity: 1;\r\n  }\r\n}\r\n\r\n\r\n#uc_woocommerce_product_grid_elementor_ced75b2 .ue-item{\r\n\topacity:0;\r\n}\r\n\r\n\r\n#uc_woocommerce_product_grid_elementor_ced75b2 .uc-entrance-animate {\r\n  opacity:1;\r\n}\r\n\r\n#uc_woocommerce_product_grid_elementor_ced75b2 .uc-entrance-animate {\r\n\tanimation: uc_woocommerce_product_grid_elementor_ced75b2__item-animation 0.6s cubic-bezier(0.470, 0.000, 0.745, 0.715) both;\r\n}\r\n\r\n\t\t\t\n\n#uc_woocommerce_product_grid_elementor_ced75b2 * {\n\t-webkit-box-sizing: border-box;\n\t-moz-box-sizing: border-box;\n\tbox-sizing: border-box;\n    \n}\n\n#uc_woocommerce_product_grid_elementor_ced75b2 .ue_woocommerce_product_label-custom-field{\n\tz-index: 100;\n}\n\n#uc_woocommerce_product_grid_elementor_ced75b2 .uc_post_grid_style_one_item{\n\ttransition: all.3s;\n}\n\n#uc_woocommerce_product_grid_elementor_ced75b2 span.add-to-cart__loader{\n  \tposition: absolute;\n  \tright: 0;\n  \ttop: 50%;\n  \ttransform: translate(0, -50%);\n  \tline-height: 1em;\n}\n#uc_woocommerce_product_grid_elementor_ced75b2 .add_to_cart_button.loading span.add-to-cart__loader{\n\tdisplay: inline-block !important;\n}\n\n#uc_woocommerce_product_grid_elementor_ced75b2 .uc-grid-count-buttons{\n\tdisplay: flex;\n}\n\n#uc_woocommerce_product_grid_elementor_ced75b2 .uc-grid-count-buttons button{\n\tdisplay: flex;\n    align-items:center;\n    justify-content:center;\n    flex-grow:0;\n    flex-shrink:0;\n    line-height:1em;\n}\n\n#uc_woocommerce_product_grid_elementor_ced75b2 .uc-grid-count-buttons button:disabled{\n\topacity:0.5;\n}\n\n#uc_woocommerce_product_grid_elementor_ced75b2 .uc-grid-count-buttons button svg{\n\theight:1em;\n    width:1em;\n}\n\n#uc_woocommerce_product_grid_elementor_ced75b2 input.uc-grid-count-buttons__number{\n  text-align:center;\n  flex-grow:1;\n}\n\n\n#uc_woocommerce_product_grid_elementor_ced75b2 \n{\n  margin:0 auto;\n  position:relative;  \n}\n\n.uc_post_grid_style_one .uc_post_grid_style_one_item {\n\tcolor: #111;\n\tfont-size: 16px;\n\toverflow: hidden;\n  \tposition: relative;\n}\n#uc_woocommerce_product_grid_elementor_ced75b2 .uc_post_grid_style_one_image {\n\twidth: 100%;\n\toverflow: hidden;\n\tdisplay: block;\n  \tposition: relative;\n}\n#uc_woocommerce_product_grid_elementor_ced75b2 .uc_post_image {\n    position:relative;\n\tdisplay: block;\n\ttransition: all 0.25s ease-in-out;\n    overflow:hidden;\n}\n\n#uc_woocommerce_product_grid_elementor_ced75b2 .uc_post_image--second{\n  \twidth: 100%;\n    height: 100%;\n    object-fit: cover;\n\tposition: absolute;\n  \ttop: 0;\n  \tright: 0;\n  \t  \t\t  \t\t\ttransform: translate(100%, 0);\n  \t\t    \n  \t \n  \ttransition: all .3s;\n}\n\n#uc_woocommerce_product_grid_elementor_ced75b2 .uc_post_grid_style_one_image:hover .uc_post_image--second{  \n  \t\t\ttransform: translate(0, 0);\n  \t}\n\n#uc_woocommerce_product_grid_elementor_ced75b2  .uc_post_image img\n{\n  width:100%;\n  display: block;\n  transition:0.3s;\n}\n\n#uc_woocommerce_product_grid_elementor_ced75b2 .ue-item:hover .uc_post_image img\n{\n  transform:scale(1.1);\n}\n\n\n\n.uc_post_grid_style_one .uc_title {\n    font-size: 21px;\n}\n.uc_post_grid_style_one .uc_title a {\n\ttext-decoration: none;\n}\n\n\n#uc_woocommerce_product_grid_elementor_ced75b2 .uc_post_grid_style_one_button > a,\n#uc_woocommerce_product_grid_elementor_ced75b2 .uc_post_grid_style_one_button > button,\n#uc_woocommerce_product_grid_elementor_ced75b2 .uc-button-addcart,\n#uc_woocommerce_product_grid_elementor_ced75b2 .added_to_cart{\n\tdisplay: inline-block;\n\ttext-align: center;\n    text-decoration: none;\n    text-transform: none;\n\ttransition: all 0.25s ease-in-out;\n    vertical-align: middle;\n}\n\n  #uc_woocommerce_product_grid_elementor_ced75b2 .uc-button-addcart.added{\n    display:none;\n  }\n\n#uc_woocommerce_product_grid_elementor_ced75b2.uc_post_grid_style_one .uc_post_grid_style_one_wrap {\t\n    display: grid;\n}\n\n    #uc_woocommerce_product_grid_elementor_ced75b2.uc_post_grid_style_one .uc_content{\n      flex-grow: 1;\n      display: flex;\n      flex-flow: column nowrap;\n    }\n    #uc_woocommerce_product_grid_elementor_ced75b2 .ue_grid_item_bottom\n    {\n      margin-top:auto;\n    }\n.uc_post_grid_style_one .uc_post_grid_style_one_item {\n\tflex-direction:column;\n    display:flex;\n}\n\n\n\n\n\n\n@media (max-width:1023px){\n\t#uc_woocommerce_product_grid_elementor_ced75b2.uc_post_grid_style_one .uc_post_grid_style_one_wrap {\n\t\tgrid-template-columns: repeat(2, 1fr);\n\t}\n}\n@media (max-width:639px){\n\t#uc_woocommerce_product_grid_elementor_ced75b2.uc_post_grid_style_one .uc_post_grid_style_one_wrap {\n\t\tgrid-template-columns: repeat(1, 1fr);\n\t}\n}\n\n\n\n\n#uc_woocommerce_product_grid_elementor_ced75b2 .ue_category_label\n{\n  display:block;\n  text-decoration:none;\n}\n\n\/* hide default arrows in input type number *\/\n\/* Chrome, Safari, Edge, Opera *\/\n#uc_woocommerce_product_grid_elementor_ced75b2 input.uc-grid-count-buttons__number::-webkit-outer-spin-button,\n#uc_woocommerce_product_grid_elementor_ced75b2 input.uc-grid-count-buttons__number::-webkit-inner-spin-button{\n\t-webkit-appearance: none;\n  \tmargin: 0;\n}\n\n\/* Firefox *\/\n#uc_woocommerce_product_grid_elementor_ced75b2 input.uc-grid-count-buttons__number[type=number]{\n\t-moz-appearance: textfield;\n}\n\/* end hide default arrows in input type number *\/\n\n.uc_regular_price\n{\n  text-decoration:line-through !important;\n}\n\ndel{\n  display: block;\n  color: #000;\n  opacity: .5;\n  font-size: 26px;\n  font-weight: 400;\n  text-decoration:line-through !important;\n}\n\nins{\n  color: #000;\n  font-size: 36px;\n  font-weight: 400;\n  text-decoration: none;\n}\n\n#uc_woocommerce_product_grid_elementor_ced75b2 .ue_woocommerce_product_carousel_sale_label\n{\n  display:inline-block;\n  position:absolute;\n  z-index: 1;\n  left:10px;\n  top:10px;\n}\n\n#uc_woocommerce_product_grid_elementor_ced75b2 .ue_woocommerce_product_grid_out_of_stock_label{\n  \t    position: absolute;\n  \t  \twidth: fit-content;\n  \tleft:10px;\n  \ttop:10px;\n  \tz-index: 1;\n}\n\n#uc_woocommerce_product_grid_elementor_ced75b2 .ue-inner-btn-wrapper\n{\n  display:flex;\n  align-items:center;\n  justify-content:center;\n  position: relative;\n  pointer-events: none;\n}\n\n<\/style>\n\n<div class=\"uc_post_grid_style_one woocommerce_product_grid\" id=\"uc_woocommerce_product_grid_elementor_ced75b2\"   style=\"direction:ltr;text-align:center;\">\n\t\t<div class=\"uc_post_grid_style_one_wrap uc-items-wrapper ue-woo-grid\">\n\t\t\t\n          <div class=\"uc_post_grid_style_one_item ue-item\" id=\"uc_woocommerce_product_grid_elementor_ced75b2_item1\">\n  \n  \t  \n \n        \t\n\t   \n  \n     <div>\n   <a class=\"uc_post_grid_style_one_image\" href=\"https:\/\/blifemed.com\/vi\/product\/bl-bh6\/\">\n     \n     \t\n        <div class=\"uc_post_image\">\n          \t\n          \n     \t\t               <img decoding=\"async\" src=\"https:\/\/blifemed.com\/wp-content\/uploads\/2025\/01\/BH61-768x350.png\"  alt=\"BH61\">\n            \t\n                     \t\n          \n     \n     <\/div>\n     \n               \n   <\/a>\n   <\/div>  \n  \n      \n  \n  <div class=\"uc_content padding\">\n    \n         \n                \n          \n      <div class=\"uc_title\"><a href=\"https:\/\/blifemed.com\/vi\/product\/bl-bh6\/\">Gi\u01b0\u1eddng \u0111i\u1ec7n 3 ch\u1ee9c n\u0103ng BL-BH6<\/a><\/div>    \n          \n            \n        \n    \n             \n      <div class=\"ue_grid_item_bottom\">\n      \n       <div class=\"ue_grid_prices\">\n         \n                \n               \t<div class=\"uc_price\">\n                              <span class=\"woocommerce-Price-amount amount\"><bdi><span class=\"woocommerce-Price-currencySymbol\">&#78;&#84;&#36;<\/span>999,998<\/bdi><\/span><span class=\"ue-text-after-price\"><\/span>         \n                           \n         \t<\/div>\n              <\/div>\n\t  \n      <div class=\"uc_post_grid_style_one_button\">\n        \n              <\/div>\n    <\/div> \n  <\/div>\n\n    \t\n\n<\/div>\n\n          \n\t\t<\/div>\n<\/div>\n\n\n\n  <div id=\"uc_woocommerce_product_grid_elementor_ced75b2_empty_message\" class=\"ue-no-posts-found\"  style=\"display:none\" >Hi\u1ec7n t\u1ea1i kh\u00f4ng c\u00f3 s\u1ea3n ph\u1ea9m n\u00e0o theo \u0111i\u1ec1u ki\u1ec7n n\u00e0y, vui l\u00f2ng \u0111\u1eb7t l\u1ea1i \u0111i\u1ec1u ki\u1ec7n.<\/div>\n\n\n<!-- end Woo Product Grid -->\t\t<\/div>\n\t\t\t\t<\/div>\n\t\t\t\t\t<\/div>\n\t\t<\/div>\n\t\t\t\t\t<\/div>\n\t\t<\/section>\n\t\t\t\t\t<\/div>\n\t\t<\/div>\n\t\t\t\t\t<\/div>\n\t\t<\/section>\n\t\t\t\t<\/div>","protected":false},"excerpt":{"rendered":"<p>\u7167\u8b77\u5e8a\u7cfb\u5217 \u96fb\u52d5\u7167\u8b77\u5e8a\u2027\u624b\u52d5\u7167\u8b77\u5e8a \u5c45\u5bb6\u7167\u8b77\u8f14\u5177 Hamburger Toggle Menu BL-BHR78 &hellip;<\/p>\n<p class=\"read-more\"> <a class=\"\" href=\"https:\/\/blifemed.com\/vi\/all-products\/home-care-aids01\/%e7%85%a7%e8%ad%b7%e5%ba%8a%e7%b3%bb%e5%88%97\/\"> <span class=\"screen-reader-text\">D\u00f2ng gi\u01b0\u1eddng cho con b\u00fa<\/span> \u0110\u1ecdc th\u00eam &quot;<\/a><\/p>","protected":false},"author":7,"featured_media":0,"parent":9967,"menu_order":0,"comment_status":"closed","ping_status":"closed","template":"","meta":{"site-sidebar-layout":"no-sidebar","site-content-layout":"page-builder","ast-global-header-display":"","ast-banner-title-visibility":"","ast-main-header-display":"","ast-hfb-above-header-display":"","ast-hfb-below-header-display":"","ast-hfb-mobile-header-display":"","site-post-title":"disabled","ast-breadcrumbs-content":"","ast-featured-img":"disabled","footer-sml-layout":"","theme-transparent-header-meta":"","adv-header-id-meta":"","stick-header-meta":"","header-above-stick-meta":"","header-main-stick-meta":"","header-below-stick-meta":"","footnotes":""},"class_list":["post-10107","page","type-page","status-publish","hentry"],"yoast_head":"<!-- This site is optimized with the Yoast SEO Premium plugin v20.3 (Yoast SEO v20.3) - https:\/\/yoast.com\/wordpress\/plugins\/seo\/ -->\n<title>\u7167\u8b77\u5e8a\u7cfb\u5217 | Blife<\/title>\n<meta name=\"robots\" content=\"index, follow, max-snippet:-1, max-image-preview:large, max-video-preview:-1\" \/>\n<link rel=\"canonical\" href=\"https:\/\/blifemed.com\/vi\/all-products\/home-care-aids01\/\u7167\u8b77\u5e8a\u7cfb\u5217\/\" \/>\n<meta property=\"og:locale\" content=\"vi_VN\" \/>\n<meta property=\"og:type\" content=\"article\" \/>\n<meta property=\"og:title\" content=\"\u7167\u8b77\u5e8a\u7cfb\u5217 | Blife\" \/>\n<meta property=\"og:description\" content=\"\u7167\u8b77\u5e8a\u7cfb\u5217 \u96fb\u52d5\u7167\u8b77\u5e8a\u2027\u624b\u52d5\u7167\u8b77\u5e8a \u5c45\u5bb6\u7167\u8b77\u8f14\u5177 Hamburger Toggle Menu BL-BHR78 &hellip; \u7167\u8b77\u5e8a\u7cfb\u5217 Read More &raquo;\" \/>\n<meta property=\"og:url\" content=\"https:\/\/blifemed.com\/vi\/all-products\/home-care-aids01\/\u7167\u8b77\u5e8a\u7cfb\u5217\/\" \/>\n<meta property=\"og:site_name\" content=\"Blife\" \/>\n<meta property=\"article:modified_time\" content=\"2025-04-17T01:48:11+00:00\" \/>\n<meta property=\"og:image\" content=\"https:\/\/blifemed.com\/wp-content\/uploads\/2025\/02\/BLBHR78-2.png\" \/>\n<meta name=\"twitter:card\" content=\"summary_large_image\" \/>\n<meta name=\"twitter:label1\" content=\"\u01af\u1edbc t\u00ednh th\u1eddi gian \u0111\u1ecdc\" \/>\n\t<meta name=\"twitter:data1\" content=\"4 ph\u00fat\" \/>\n<script type=\"application\/ld+json\" class=\"yoast-schema-graph\">{\"@context\":\"https:\/\/schema.org\",\"@graph\":[{\"@type\":\"WebPage\",\"@id\":\"https:\/\/blifemed.com\/all-products\/home-care-aids01\/%e7%85%a7%e8%ad%b7%e5%ba%8a%e7%b3%bb%e5%88%97\/\",\"url\":\"https:\/\/blifemed.com\/all-products\/home-care-aids01\/%e7%85%a7%e8%ad%b7%e5%ba%8a%e7%b3%bb%e5%88%97\/\",\"name\":\"\u7167\u8b77\u5e8a\u7cfb\u5217 | Blife\",\"isPartOf\":{\"@id\":\"https:\/\/blifemed.com\/#website\"},\"datePublished\":\"2025-04-08T05:17:09+00:00\",\"dateModified\":\"2025-04-17T01:48:11+00:00\",\"breadcrumb\":{\"@id\":\"https:\/\/blifemed.com\/all-products\/home-care-aids01\/%e7%85%a7%e8%ad%b7%e5%ba%8a%e7%b3%bb%e5%88%97\/#breadcrumb\"},\"inLanguage\":\"vi\",\"potentialAction\":[{\"@type\":\"ReadAction\",\"target\":[\"https:\/\/blifemed.com\/all-products\/home-care-aids01\/%e7%85%a7%e8%ad%b7%e5%ba%8a%e7%b3%bb%e5%88%97\/\"]}]},{\"@type\":\"BreadcrumbList\",\"@id\":\"https:\/\/blifemed.com\/all-products\/home-care-aids01\/%e7%85%a7%e8%ad%b7%e5%ba%8a%e7%b3%bb%e5%88%97\/#breadcrumb\",\"itemListElement\":[{\"@type\":\"ListItem\",\"position\":1,\"name\":\"\u9996\u9801\",\"item\":\"https:\/\/blifemed.com\/\"},{\"@type\":\"ListItem\",\"position\":2,\"name\":\"\u6240\u6709\u7522\u54c1\",\"item\":\"https:\/\/blifemed.com\/all-products\/\"},{\"@type\":\"ListItem\",\"position\":3,\"name\":\"\u5c45\u5bb6\u7167\u8b77\u8f14\u5177\",\"item\":\"https:\/\/blifemed.com\/all-products\/home-care-aids01\/\"},{\"@type\":\"ListItem\",\"position\":4,\"name\":\"\u7167\u8b77\u5e8a\u7cfb\u5217\"}]},{\"@type\":\"WebSite\",\"@id\":\"https:\/\/blifemed.com\/#website\",\"url\":\"https:\/\/blifemed.com\/\",\"name\":\"SigmaCare\",\"description\":\"\u5168\u65b0\u7684\u8f14\u5177\u8207\u5468\u908a\u7522\u54c1\",\"publisher\":{\"@id\":\"https:\/\/blifemed.com\/#organization\"},\"potentialAction\":[{\"@type\":\"SearchAction\",\"target\":{\"@type\":\"EntryPoint\",\"urlTemplate\":\"https:\/\/blifemed.com\/?s={search_term_string}\"},\"query-input\":\"required name=search_term_string\"}],\"inLanguage\":\"vi\"},{\"@type\":\"Organization\",\"@id\":\"https:\/\/blifemed.com\/#organization\",\"name\":\"\u4e9e\u8b77\u958b\u767c\u80a1\u4efd\u6709\u9650\u516c\u53f8\",\"alternateName\":\"SigmaCare\",\"url\":\"https:\/\/blifemed.com\/\",\"logo\":{\"@type\":\"ImageObject\",\"inLanguage\":\"vi\",\"@id\":\"https:\/\/blifemed.com\/#\/schema\/logo\/image\/\",\"url\":\"https:\/\/blifemed.com\/wp-content\/uploads\/2023\/07\/cropped-Sigma-Care-icon.png\",\"contentUrl\":\"https:\/\/blifemed.com\/wp-content\/uploads\/2023\/07\/cropped-Sigma-Care-icon.png\",\"width\":512,\"height\":512,\"caption\":\"\u4e9e\u8b77\u958b\u767c\u80a1\u4efd\u6709\u9650\u516c\u53f8\"},\"image\":{\"@id\":\"https:\/\/blifemed.com\/#\/schema\/logo\/image\/\"}}]}<\/script>\n<!-- \/ Yoast SEO Premium plugin. -->","yoast_head_json":{"title":"\u7167\u8b77\u5e8a\u7cfb\u5217 | Blife","robots":{"index":"index","follow":"follow","max-snippet":"max-snippet:-1","max-image-preview":"max-image-preview:large","max-video-preview":"max-video-preview:-1"},"canonical":"https:\/\/blifemed.com\/vi\/all-products\/home-care-aids01\/\u7167\u8b77\u5e8a\u7cfb\u5217\/","og_locale":"vi_VN","og_type":"article","og_title":"\u7167\u8b77\u5e8a\u7cfb\u5217 | Blife","og_description":"\u7167\u8b77\u5e8a\u7cfb\u5217 \u96fb\u52d5\u7167\u8b77\u5e8a\u2027\u624b\u52d5\u7167\u8b77\u5e8a \u5c45\u5bb6\u7167\u8b77\u8f14\u5177 Hamburger Toggle Menu BL-BHR78 &hellip; \u7167\u8b77\u5e8a\u7cfb\u5217 Read More &raquo;","og_url":"https:\/\/blifemed.com\/vi\/all-products\/home-care-aids01\/\u7167\u8b77\u5e8a\u7cfb\u5217\/","og_site_name":"Blife","article_modified_time":"2025-04-17T01:48:11+00:00","og_image":[{"url":"https:\/\/blifemed.com\/wp-content\/uploads\/2025\/02\/BLBHR78-2.png"}],"twitter_card":"summary_large_image","twitter_misc":{"\u01af\u1edbc t\u00ednh th\u1eddi gian \u0111\u1ecdc":"4 ph\u00fat"},"schema":{"@context":"https:\/\/schema.org","@graph":[{"@type":"WebPage","@id":"https:\/\/blifemed.com\/all-products\/home-care-aids01\/%e7%85%a7%e8%ad%b7%e5%ba%8a%e7%b3%bb%e5%88%97\/","url":"https:\/\/blifemed.com\/all-products\/home-care-aids01\/%e7%85%a7%e8%ad%b7%e5%ba%8a%e7%b3%bb%e5%88%97\/","name":"\u7167\u8b77\u5e8a\u7cfb\u5217 | Blife","isPartOf":{"@id":"https:\/\/blifemed.com\/#website"},"datePublished":"2025-04-08T05:17:09+00:00","dateModified":"2025-04-17T01:48:11+00:00","breadcrumb":{"@id":"https:\/\/blifemed.com\/all-products\/home-care-aids01\/%e7%85%a7%e8%ad%b7%e5%ba%8a%e7%b3%bb%e5%88%97\/#breadcrumb"},"inLanguage":"vi","potentialAction":[{"@type":"ReadAction","target":["https:\/\/blifemed.com\/all-products\/home-care-aids01\/%e7%85%a7%e8%ad%b7%e5%ba%8a%e7%b3%bb%e5%88%97\/"]}]},{"@type":"BreadcrumbList","@id":"https:\/\/blifemed.com\/all-products\/home-care-aids01\/%e7%85%a7%e8%ad%b7%e5%ba%8a%e7%b3%bb%e5%88%97\/#breadcrumb","itemListElement":[{"@type":"ListItem","position":1,"name":"\u9996\u9801","item":"https:\/\/blifemed.com\/"},{"@type":"ListItem","position":2,"name":"\u6240\u6709\u7522\u54c1","item":"https:\/\/blifemed.com\/all-products\/"},{"@type":"ListItem","position":3,"name":"\u5c45\u5bb6\u7167\u8b77\u8f14\u5177","item":"https:\/\/blifemed.com\/all-products\/home-care-aids01\/"},{"@type":"ListItem","position":4,"name":"\u7167\u8b77\u5e8a\u7cfb\u5217"}]},{"@type":"WebSite","@id":"https:\/\/blifemed.com\/#website","url":"https:\/\/blifemed.com\/","name":"SigmaCare","description":"\u5168\u65b0\u7684\u8f14\u5177\u8207\u5468\u908a\u7522\u54c1","publisher":{"@id":"https:\/\/blifemed.com\/#organization"},"potentialAction":[{"@type":"SearchAction","target":{"@type":"EntryPoint","urlTemplate":"https:\/\/blifemed.com\/?s={search_term_string}"},"query-input":"required name=search_term_string"}],"inLanguage":"vi"},{"@type":"Organization","@id":"https:\/\/blifemed.com\/#organization","name":"\u4e9e\u8b77\u958b\u767c\u80a1\u4efd\u6709\u9650\u516c\u53f8","alternateName":"SigmaCare","url":"https:\/\/blifemed.com\/","logo":{"@type":"ImageObject","inLanguage":"vi","@id":"https:\/\/blifemed.com\/#\/schema\/logo\/image\/","url":"https:\/\/blifemed.com\/wp-content\/uploads\/2023\/07\/cropped-Sigma-Care-icon.png","contentUrl":"https:\/\/blifemed.com\/wp-content\/uploads\/2023\/07\/cropped-Sigma-Care-icon.png","width":512,"height":512,"caption":"\u4e9e\u8b77\u958b\u767c\u80a1\u4efd\u6709\u9650\u516c\u53f8"},"image":{"@id":"https:\/\/blifemed.com\/#\/schema\/logo\/image\/"}}]}},"_links":{"self":[{"href":"https:\/\/blifemed.com\/vi\/wp-json\/wp\/v2\/pages\/10107","targetHints":{"allow":["GET"]}}],"collection":[{"href":"https:\/\/blifemed.com\/vi\/wp-json\/wp\/v2\/pages"}],"about":[{"href":"https:\/\/blifemed.com\/vi\/wp-json\/wp\/v2\/types\/page"}],"author":[{"embeddable":true,"href":"https:\/\/blifemed.com\/vi\/wp-json\/wp\/v2\/users\/7"}],"replies":[{"embeddable":true,"href":"https:\/\/blifemed.com\/vi\/wp-json\/wp\/v2\/comments?post=10107"}],"version-history":[{"count":13,"href":"https:\/\/blifemed.com\/vi\/wp-json\/wp\/v2\/pages\/10107\/revisions"}],"predecessor-version":[{"id":10224,"href":"https:\/\/blifemed.com\/vi\/wp-json\/wp\/v2\/pages\/10107\/revisions\/10224"}],"up":[{"embeddable":true,"href":"https:\/\/blifemed.com\/vi\/wp-json\/wp\/v2\/pages\/9967"}],"wp:attachment":[{"href":"https:\/\/blifemed.com\/vi\/wp-json\/wp\/v2\/media?parent=10107"}],"curies":[{"name":"wp","href":"https:\/\/api.w.org\/{rel}","templated":true}]}}