{"id":6614,"date":"2024-06-23T15:47:04","date_gmt":"2024-06-23T07:47:04","guid":{"rendered":"https:\/\/blife.spacecraft.com.tw\/?page_id=6614"},"modified":"2024-11-28T15:33:39","modified_gmt":"2024-11-28T07:33:39","slug":"technical-support","status":"publish","type":"page","link":"https:\/\/blifemed.com\/es\/technical-support\/","title":{"rendered":"Servicios de soporte t\u00e9cnico de B-life"},"content":{"rendered":"<div data-elementor-type=\"wp-page\" data-elementor-id=\"6614\" class=\"elementor elementor-6614\" data-elementor-post-type=\"page\">\n\t\t\t\t\t\t<section class=\"elementor-section elementor-top-section elementor-element elementor-element-6c4a0022 elementor-section-boxed elementor-section-height-default elementor-section-height-default\" data-id=\"6c4a0022\" data-element_type=\"section\" data-settings=\"{&quot;background_background&quot;:&quot;classic&quot;}\">\n\t\t\t\t\t\t\t<div class=\"elementor-background-overlay\"><\/div>\n\t\t\t\t\t\t\t<div class=\"elementor-container elementor-column-gap-no\">\n\t\t\t\t\t<div class=\"elementor-column elementor-col-100 elementor-top-column elementor-element elementor-element-223bfdb1\" data-id=\"223bfdb1\" data-element_type=\"column\">\n\t\t\t<div class=\"elementor-widget-wrap elementor-element-populated\">\n\t\t\t\t\t\t<div class=\"elementor-element elementor-element-5cdb85f5 elementor-widget elementor-widget-heading\" data-id=\"5cdb85f5\" data-element_type=\"widget\" data-widget_type=\"heading.default\">\n\t\t\t\t<div class=\"elementor-widget-container\">\n\t\t\t<h2 class=\"elementor-heading-title elementor-size-default\">Servicios de soporte t\u00e9cnico<\/h2>\t\t<\/div>\n\t\t\t\t<\/div>\n\t\t\t\t<div class=\"elementor-element elementor-element-1cc56c23 elementor-invisible elementor-widget elementor-widget-text-editor\" data-id=\"1cc56c23\" data-element_type=\"widget\" data-settings=\"{&quot;_animation&quot;:&quot;fadeInUp&quot;}\" data-widget_type=\"text-editor.default\">\n\t\t\t\t<div class=\"elementor-widget-container\">\n\t\t\t\t\t\t\t<p>Conf\u00ede en nosotros para mantener sus camas m\u00e9dicas en \u00f3ptimas condiciones, permiti\u00e9ndole concentrarse en brindar atenci\u00f3n de calidad.<\/p>\t\t\t\t\t\t<\/div>\n\t\t\t\t<\/div>\n\t\t\t\t<div class=\"elementor-element elementor-element-19778f04 elementor-widget-elementskit-dual-button-center elementor-invisible elementor-widget elementor-widget-elementskit-dual-button\" data-id=\"19778f04\" data-element_type=\"widget\" data-settings=\"{&quot;_animation&quot;:&quot;fadeInDown&quot;}\" data-widget_type=\"elementskit-dual-button.default\">\n\t\t\t\t<div class=\"elementor-widget-container\">\n\t\t\t<div class=\"ekit-wid-con\" >\n                <div class=\"ekit-element-align-wrapper\">\n                    <div class=\"ekit_double_button\">                <a class=\"ekit-double-btn ekit-double-btn-one\" href=\"https:\/\/blifemed.com\/es\/b-life-home\/\">\n                    p\u00e1gina delantera                <\/a>\n            <span class='ekit_button_middle_text'>-<\/span>\n            <a class=\"ekit-double-btn ekit-double-btn-two\" href=\"#\">\n                    apoyo t\u00e9cnico                <\/a>\n                  <\/div>\n                <\/div>\n            <\/div>\t\t<\/div>\n\t\t\t\t<\/div>\n\t\t\t\t\t<\/div>\n\t\t<\/div>\n\t\t\t\t\t<\/div>\n\t\t<\/section>\n\t\t\t\t<section class=\"elementor-section elementor-top-section elementor-element elementor-element-29147ffc elementor-section-boxed elementor-section-height-default elementor-section-height-default\" data-id=\"29147ffc\" data-element_type=\"section\">\n\t\t\t\t\t\t\t<div class=\"elementor-background-overlay\"><\/div>\n\t\t\t\t\t\t\t<div class=\"elementor-container elementor-column-gap-no\">\n\t\t\t\t\t<div class=\"elementor-column elementor-col-100 elementor-top-column elementor-element elementor-element-51f68fc0\" data-id=\"51f68fc0\" data-element_type=\"column\">\n\t\t\t<div class=\"elementor-widget-wrap elementor-element-populated\">\n\t\t\t\t\t\t<section class=\"elementor-section elementor-inner-section elementor-element elementor-element-d0d3f8c elementor-section-boxed elementor-section-height-default elementor-section-height-default\" data-id=\"d0d3f8c\" data-element_type=\"section\">\n\t\t\t\t\t\t<div class=\"elementor-container elementor-column-gap-extended\">\n\t\t\t\t\t<div class=\"elementor-column elementor-col-50 elementor-inner-column elementor-element elementor-element-b4ed779\" data-id=\"b4ed779\" data-element_type=\"column\">\n\t\t\t<div class=\"elementor-widget-wrap elementor-element-populated\">\n\t\t\t\t\t\t<div class=\"elementor-element elementor-element-4d1e97e elementor-widget elementor-widget-image\" data-id=\"4d1e97e\" data-element_type=\"widget\" data-widget_type=\"image.default\">\n\t\t\t\t<div class=\"elementor-widget-container\">\n\t\t\t\t\t\t\t\t\t\t\t\t\t<img fetchpriority=\"high\" decoding=\"async\" width=\"1024\" height=\"1024\" src=\"https:\/\/blifemed.com\/wp-content\/uploads\/2024\/06\/portrait-beautiful-young-asian-business-woman-with-headphone-call-center2-1024x1024.jpg\" class=\"attachment-large size-large wp-image-6320\" alt=\"\" srcset=\"https:\/\/blifemed.com\/wp-content\/uploads\/2024\/06\/portrait-beautiful-young-asian-business-woman-with-headphone-call-center2-1024x1024.jpg 1024w, https:\/\/blifemed.com\/wp-content\/uploads\/2024\/06\/portrait-beautiful-young-asian-business-woman-with-headphone-call-center2-300x300.jpg 300w, https:\/\/blifemed.com\/wp-content\/uploads\/2024\/06\/portrait-beautiful-young-asian-business-woman-with-headphone-call-center2-150x150.jpg 150w, https:\/\/blifemed.com\/wp-content\/uploads\/2024\/06\/portrait-beautiful-young-asian-business-woman-with-headphone-call-center2-768x768.jpg 768w, https:\/\/blifemed.com\/wp-content\/uploads\/2024\/06\/portrait-beautiful-young-asian-business-woman-with-headphone-call-center2-1536x1536.jpg 1536w, https:\/\/blifemed.com\/wp-content\/uploads\/2024\/06\/portrait-beautiful-young-asian-business-woman-with-headphone-call-center2-scaled.jpg 2048w, https:\/\/blifemed.com\/wp-content\/uploads\/2024\/06\/portrait-beautiful-young-asian-business-woman-with-headphone-call-center2-12x12.jpg 12w, https:\/\/blifemed.com\/wp-content\/uploads\/2024\/06\/portrait-beautiful-young-asian-business-woman-with-headphone-call-center2-400x400.jpg 400w, https:\/\/blifemed.com\/wp-content\/uploads\/2024\/06\/portrait-beautiful-young-asian-business-woman-with-headphone-call-center2-100x100.jpg 100w\" sizes=\"(max-width: 1024px) 100vw, 1024px\" \/>\t\t\t\t\t\t\t\t\t\t\t\t\t<\/div>\n\t\t\t\t<\/div>\n\t\t\t\t\t<\/div>\n\t\t<\/div>\n\t\t\t\t<div class=\"elementor-column elementor-col-50 elementor-inner-column elementor-element elementor-element-075499d\" data-id=\"075499d\" data-element_type=\"column\">\n\t\t\t<div class=\"elementor-widget-wrap elementor-element-populated\">\n\t\t\t\t\t\t<div class=\"elementor-element elementor-element-42841dbe elementor-invisible elementor-widget elementor-widget-heading\" data-id=\"42841dbe\" data-element_type=\"widget\" data-settings=\"{&quot;_animation&quot;:&quot;zoomIn&quot;}\" data-widget_type=\"heading.default\">\n\t\t\t\t<div class=\"elementor-widget-container\">\n\t\t\t<h2 class=\"elementor-heading-title elementor-size-default\">Aseg\u00farese de un rendimiento \u00f3ptimo y tranquilidad<\/h2>\t\t<\/div>\n\t\t\t\t<\/div>\n\t\t\t\t<div class=\"elementor-element elementor-element-cf58593 elementor-invisible elementor-widget elementor-widget-heading\" data-id=\"cf58593\" data-element_type=\"widget\" data-settings=\"{&quot;_animation&quot;:&quot;lightSpeedIn&quot;}\" data-widget_type=\"heading.default\">\n\t\t\t\t<div class=\"elementor-widget-container\">\n\t\t\t<h2 class=\"elementor-heading-title elementor-size-default\">Servicios de soporte t\u00e9cnico\n<\/h2>\t\t<\/div>\n\t\t\t\t<\/div>\n\t\t\t\t<div class=\"elementor-element elementor-element-7a1d8b4c elementor-widget-divider--view-line elementor-widget elementor-widget-divider\" data-id=\"7a1d8b4c\" data-element_type=\"widget\" data-widget_type=\"divider.default\">\n\t\t\t\t<div class=\"elementor-widget-container\">\n\t\t\t\t\t<div class=\"elementor-divider\">\n\t\t\t<span class=\"elementor-divider-separator\">\n\t\t\t\t\t\t<\/span>\n\t\t<\/div>\n\t\t\t\t<\/div>\n\t\t\t\t<\/div>\n\t\t\t\t<div class=\"elementor-element elementor-element-45d158d elementor-widget elementor-widget-text-editor\" data-id=\"45d158d\" data-element_type=\"widget\" data-widget_type=\"text-editor.default\">\n\t\t\t\t<div class=\"elementor-widget-container\">\n\t\t\t\t\t\t\t<p>Nuestro servicio de soporte t\u00e9cnico se dedica a brindar asistencia integral con su cama m\u00e9dica. Ya sea que necesite soluci\u00f3n de problemas, asesoramiento de mantenimiento o asesoramiento experto, nuestro equipo siempre est\u00e1 disponible para garantizar el correcto funcionamiento de su equipo. Conf\u00ede en nosotros para mantener su cama m\u00e9dica en \u00f3ptimas condiciones, permiti\u00e9ndole concentrarse en brindar atenci\u00f3n de calidad.<\/p>\t\t\t\t\t\t<\/div>\n\t\t\t\t<\/div>\n\t\t\t\t<div class=\"elementor-element elementor-element-71d0e16 elementor-widget elementor-widget-image\" data-id=\"71d0e16\" data-element_type=\"widget\" data-no-translation=\"\" data-widget_type=\"image.default\">\n\t\t\t\t<div class=\"elementor-widget-container\">\n\t\t\t<style>.elementor-element-71d0e16{display:none !important}<\/style>\t\t<\/div>\n\t\t\t\t<\/div>\n\t\t\t\t<div class=\"elementor-element elementor-element-b4ebbc5 elementor-align-left elementor-mobile-align-center elementor-tablet-align-center elementor-invisible elementor-widget elementor-widget-button\" data-id=\"b4ebbc5\" data-element_type=\"widget\" data-settings=\"{&quot;_animation&quot;:&quot;slideInRight&quot;}\" data-no-translation=\"\" data-widget_type=\"button.default\">\n\t\t\t\t<div class=\"elementor-widget-container\">\n\t\t\t<style>.elementor-element-b4ebbc5{display:none !important}<\/style>\t\t<\/div>\n\t\t\t\t<\/div>\n\t\t\t\t<div class=\"elementor-element elementor-element-67ad51d elementor-align-left elementor-mobile-align-center elementor-tablet-align-center elementor-invisible elementor-widget elementor-widget-button\" data-id=\"67ad51d\" data-element_type=\"widget\" data-settings=\"{&quot;_animation&quot;:&quot;slideInRight&quot;}\" data-widget_type=\"button.default\">\n\t\t\t\t<div class=\"elementor-widget-container\">\n\t\t\t\t\t\t\t<div class=\"elementor-button-wrapper\">\n\t\t\t\t\t<a class=\"elementor-button elementor-button-link elementor-size-sm elementor-animation-float\" href=\"https:\/\/wa.me\/+886906835093\" target=\"_blank\">\n\t\t\t\t\t\t<span class=\"elementor-button-content-wrapper\">\n\t\t\t\t\t\t<span class=\"elementor-button-icon\">\n\t\t\t\t<i aria-hidden=\"true\" class=\"icon icon-arrow-right\"><\/i>\t\t\t<\/span>\n\t\t\t\t\t\t\t\t\t<span class=\"elementor-button-text\">\u00danete a WhatsApp<\/span>\n\t\t\t\t\t<\/span>\n\t\t\t\t\t<\/a>\n\t\t\t\t<\/div>\n\t\t\t\t\t\t<\/div>\n\t\t\t\t<\/div>\n\t\t\t\t\t<\/div>\n\t\t<\/div>\n\t\t\t\t\t<\/div>\n\t\t<\/section>\n\t\t\t\t\t<\/div>\n\t\t<\/div>\n\t\t\t\t\t<\/div>\n\t\t<\/section>\n\t\t\t\t<\/div>","protected":false},"excerpt":{"rendered":"<p>\u6280\u8853\u652f\u63f4\u670d\u52d9 \u4fe1\u8cf4\u6211\u5011\uff0c\u8b93\u60a8\u7684\u91ab\u7642\u5e8a\u4fdd\u6301\u6700\u4f73\u72c0\u614b\uff0c\u8b93\u60a8\u5c08\u6ce8\u65bc\u63d0\u4f9b\u512a\u8cea\u8b77\u7406\u3002 \u9996\u9801 &#8211; \u6280\u8853\u652f\u63f4 \u78ba &hellip;<\/p>\n<p class=\"read-more\"> <a class=\"\" href=\"https:\/\/blifemed.com\/es\/technical-support\/\"> <span class=\"screen-reader-text\">Servicios de soporte t\u00e9cnico de B-life<\/span> Leer m\u00e1s \u00bb<\/a><\/p>","protected":false},"author":20,"featured_media":0,"parent":0,"menu_order":42,"comment_status":"closed","ping_status":"closed","template":"","meta":{"site-sidebar-layout":"no-sidebar","site-content-layout":"page-builder","ast-global-header-display":"","ast-banner-title-visibility":"","ast-main-header-display":"","ast-hfb-above-header-display":"","ast-hfb-below-header-display":"","ast-hfb-mobile-header-display":"","site-post-title":"disabled","ast-breadcrumbs-content":"","ast-featured-img":"disabled","footer-sml-layout":"","theme-transparent-header-meta":"","adv-header-id-meta":"","stick-header-meta":"","header-above-stick-meta":"","header-main-stick-meta":"","header-below-stick-meta":"","footnotes":""},"class_list":["post-6614","page","type-page","status-publish","hentry"],"yoast_head":"<!-- This site is optimized with the Yoast SEO Premium plugin v20.3 (Yoast SEO v20.3) - https:\/\/yoast.com\/wordpress\/plugins\/seo\/ -->\n<title>B-life \u6280\u8853\u652f\u63f4\u670d\u52d9 | Blife<\/title>\n<meta name=\"robots\" content=\"index, follow, max-snippet:-1, max-image-preview:large, max-video-preview:-1\" \/>\n<link rel=\"canonical\" href=\"https:\/\/blifemed.com\/es\/technical-support\/\" \/>\n<meta property=\"og:locale\" content=\"es_ES\" \/>\n<meta property=\"og:type\" content=\"article\" \/>\n<meta property=\"og:title\" content=\"B-life \u6280\u8853\u652f\u63f4\u670d\u52d9 | Blife\" \/>\n<meta property=\"og:description\" content=\"\u6280\u8853\u652f\u63f4\u670d\u52d9 \u4fe1\u8cf4\u6211\u5011\uff0c\u8b93\u60a8\u7684\u91ab\u7642\u5e8a\u4fdd\u6301\u6700\u4f73\u72c0\u614b\uff0c\u8b93\u60a8\u5c08\u6ce8\u65bc\u63d0\u4f9b\u512a\u8cea\u8b77\u7406\u3002 \u9996\u9801 &#8211; \u6280\u8853\u652f\u63f4 \u78ba &hellip; B-life \u6280\u8853\u652f\u63f4\u670d\u52d9 Leer m\u00e1s &raquo;\" \/>\n<meta property=\"og:url\" content=\"https:\/\/blifemed.com\/es\/technical-support\/\" \/>\n<meta property=\"og:site_name\" content=\"Blife\" \/>\n<meta property=\"article:modified_time\" content=\"2024-11-28T07:33:39+00:00\" \/>\n<meta property=\"og:image\" content=\"https:\/\/blifemed.com\/wp-content\/uploads\/2024\/06\/portrait-beautiful-young-asian-business-woman-with-headphone-call-center2-1024x1024.jpg\" \/>\n<meta name=\"twitter:card\" content=\"summary_large_image\" \/>\n<meta name=\"twitter:label1\" content=\"Tiempo de lectura\" \/>\n\t<meta name=\"twitter:data1\" content=\"1 minuto\" \/>\n<script type=\"application\/ld+json\" class=\"yoast-schema-graph\">{\"@context\":\"https:\/\/schema.org\",\"@graph\":[{\"@type\":\"WebPage\",\"@id\":\"https:\/\/blifemed.com\/technical-support\/\",\"url\":\"https:\/\/blifemed.com\/technical-support\/\",\"name\":\"B-life \u6280\u8853\u652f\u63f4\u670d\u52d9 | Blife\",\"isPartOf\":{\"@id\":\"https:\/\/blifemed.com\/#website\"},\"datePublished\":\"2024-06-23T07:47:04+00:00\",\"dateModified\":\"2024-11-28T07:33:39+00:00\",\"breadcrumb\":{\"@id\":\"https:\/\/blifemed.com\/technical-support\/#breadcrumb\"},\"inLanguage\":\"es\",\"potentialAction\":[{\"@type\":\"ReadAction\",\"target\":[\"https:\/\/blifemed.com\/technical-support\/\"]}]},{\"@type\":\"BreadcrumbList\",\"@id\":\"https:\/\/blifemed.com\/technical-support\/#breadcrumb\",\"itemListElement\":[{\"@type\":\"ListItem\",\"position\":1,\"name\":\"\u9996\u9801\",\"item\":\"https:\/\/blifemed.com\/\"},{\"@type\":\"ListItem\",\"position\":2,\"name\":\"B-life \u6280\u8853\u652f\u63f4\u670d\u52d9\"}]},{\"@type\":\"WebSite\",\"@id\":\"https:\/\/blifemed.com\/#website\",\"url\":\"https:\/\/blifemed.com\/\",\"name\":\"SigmaCare\",\"description\":\"\u5168\u65b0\u7684\u8f14\u5177\u8207\u5468\u908a\u7522\u54c1\",\"publisher\":{\"@id\":\"https:\/\/blifemed.com\/#organization\"},\"potentialAction\":[{\"@type\":\"SearchAction\",\"target\":{\"@type\":\"EntryPoint\",\"urlTemplate\":\"https:\/\/blifemed.com\/?s={search_term_string}\"},\"query-input\":\"required name=search_term_string\"}],\"inLanguage\":\"es\"},{\"@type\":\"Organization\",\"@id\":\"https:\/\/blifemed.com\/#organization\",\"name\":\"\u4e9e\u8b77\u958b\u767c\u80a1\u4efd\u6709\u9650\u516c\u53f8\",\"alternateName\":\"SigmaCare\",\"url\":\"https:\/\/blifemed.com\/\",\"logo\":{\"@type\":\"ImageObject\",\"inLanguage\":\"es\",\"@id\":\"https:\/\/blifemed.com\/#\/schema\/logo\/image\/\",\"url\":\"https:\/\/blifemed.com\/wp-content\/uploads\/2023\/07\/cropped-Sigma-Care-icon.png\",\"contentUrl\":\"https:\/\/blifemed.com\/wp-content\/uploads\/2023\/07\/cropped-Sigma-Care-icon.png\",\"width\":512,\"height\":512,\"caption\":\"\u4e9e\u8b77\u958b\u767c\u80a1\u4efd\u6709\u9650\u516c\u53f8\"},\"image\":{\"@id\":\"https:\/\/blifemed.com\/#\/schema\/logo\/image\/\"}}]}<\/script>\n<!-- \/ Yoast SEO Premium plugin. -->","yoast_head_json":{"title":"B-life \u6280\u8853\u652f\u63f4\u670d\u52d9 | Blife","robots":{"index":"index","follow":"follow","max-snippet":"max-snippet:-1","max-image-preview":"max-image-preview:large","max-video-preview":"max-video-preview:-1"},"canonical":"https:\/\/blifemed.com\/es\/technical-support\/","og_locale":"es_ES","og_type":"article","og_title":"B-life \u6280\u8853\u652f\u63f4\u670d\u52d9 | Blife","og_description":"\u6280\u8853\u652f\u63f4\u670d\u52d9 \u4fe1\u8cf4\u6211\u5011\uff0c\u8b93\u60a8\u7684\u91ab\u7642\u5e8a\u4fdd\u6301\u6700\u4f73\u72c0\u614b\uff0c\u8b93\u60a8\u5c08\u6ce8\u65bc\u63d0\u4f9b\u512a\u8cea\u8b77\u7406\u3002 \u9996\u9801 &#8211; \u6280\u8853\u652f\u63f4 \u78ba &hellip; B-life \u6280\u8853\u652f\u63f4\u670d\u52d9 Leer m\u00e1s &raquo;","og_url":"https:\/\/blifemed.com\/es\/technical-support\/","og_site_name":"Blife","article_modified_time":"2024-11-28T07:33:39+00:00","og_image":[{"url":"https:\/\/blifemed.com\/wp-content\/uploads\/2024\/06\/portrait-beautiful-young-asian-business-woman-with-headphone-call-center2-1024x1024.jpg"}],"twitter_card":"summary_large_image","twitter_misc":{"Tiempo de lectura":"1 minuto"},"schema":{"@context":"https:\/\/schema.org","@graph":[{"@type":"WebPage","@id":"https:\/\/blifemed.com\/technical-support\/","url":"https:\/\/blifemed.com\/technical-support\/","name":"B-life \u6280\u8853\u652f\u63f4\u670d\u52d9 | Blife","isPartOf":{"@id":"https:\/\/blifemed.com\/#website"},"datePublished":"2024-06-23T07:47:04+00:00","dateModified":"2024-11-28T07:33:39+00:00","breadcrumb":{"@id":"https:\/\/blifemed.com\/technical-support\/#breadcrumb"},"inLanguage":"es","potentialAction":[{"@type":"ReadAction","target":["https:\/\/blifemed.com\/technical-support\/"]}]},{"@type":"BreadcrumbList","@id":"https:\/\/blifemed.com\/technical-support\/#breadcrumb","itemListElement":[{"@type":"ListItem","position":1,"name":"\u9996\u9801","item":"https:\/\/blifemed.com\/"},{"@type":"ListItem","position":2,"name":"B-life \u6280\u8853\u652f\u63f4\u670d\u52d9"}]},{"@type":"WebSite","@id":"https:\/\/blifemed.com\/#website","url":"https:\/\/blifemed.com\/","name":"SigmaCare","description":"\u5168\u65b0\u7684\u8f14\u5177\u8207\u5468\u908a\u7522\u54c1","publisher":{"@id":"https:\/\/blifemed.com\/#organization"},"potentialAction":[{"@type":"SearchAction","target":{"@type":"EntryPoint","urlTemplate":"https:\/\/blifemed.com\/?s={search_term_string}"},"query-input":"required name=search_term_string"}],"inLanguage":"es"},{"@type":"Organization","@id":"https:\/\/blifemed.com\/#organization","name":"\u4e9e\u8b77\u958b\u767c\u80a1\u4efd\u6709\u9650\u516c\u53f8","alternateName":"SigmaCare","url":"https:\/\/blifemed.com\/","logo":{"@type":"ImageObject","inLanguage":"es","@id":"https:\/\/blifemed.com\/#\/schema\/logo\/image\/","url":"https:\/\/blifemed.com\/wp-content\/uploads\/2023\/07\/cropped-Sigma-Care-icon.png","contentUrl":"https:\/\/blifemed.com\/wp-content\/uploads\/2023\/07\/cropped-Sigma-Care-icon.png","width":512,"height":512,"caption":"\u4e9e\u8b77\u958b\u767c\u80a1\u4efd\u6709\u9650\u516c\u53f8"},"image":{"@id":"https:\/\/blifemed.com\/#\/schema\/logo\/image\/"}}]}},"_links":{"self":[{"href":"https:\/\/blifemed.com\/es\/wp-json\/wp\/v2\/pages\/6614","targetHints":{"allow":["GET"]}}],"collection":[{"href":"https:\/\/blifemed.com\/es\/wp-json\/wp\/v2\/pages"}],"about":[{"href":"https:\/\/blifemed.com\/es\/wp-json\/wp\/v2\/types\/page"}],"author":[{"embeddable":true,"href":"https:\/\/blifemed.com\/es\/wp-json\/wp\/v2\/users\/20"}],"replies":[{"embeddable":true,"href":"https:\/\/blifemed.com\/es\/wp-json\/wp\/v2\/comments?post=6614"}],"version-history":[{"count":0,"href":"https:\/\/blifemed.com\/es\/wp-json\/wp\/v2\/pages\/6614\/revisions"}],"wp:attachment":[{"href":"https:\/\/blifemed.com\/es\/wp-json\/wp\/v2\/media?parent=6614"}],"curies":[{"name":"wp","href":"https:\/\/api.w.org\/{rel}","templated":true}]}}